{"id":123,"date":"2019-06-12T20:59:13","date_gmt":"2019-06-12T18:59:13","guid":{"rendered":"https:\/\/lotsol.pl\/?page_id=123"},"modified":"2023-04-25T20:19:29","modified_gmt":"2023-04-25T18:19:29","slug":"wladze","status":"publish","type":"page","link":"https:\/\/lotsol.pl\/index.php\/o-nas\/wladze\/","title":{"rendered":"W\u0142adze zwi\u0105zku"},"content":{"rendered":"\t\t<div data-elementor-type=\"wp-post\" data-elementor-id=\"123\" class=\"elementor elementor-123\">\n\t\t\t\t\t\t<section class=\"elementor-section elementor-top-section elementor-element elementor-element-db16d4a elementor-section-boxed elementor-section-height-default elementor-section-height-default\" data-id=\"db16d4a\" data-element_type=\"section\">\n\t\t\t\t\t\t<div class=\"elementor-container elementor-column-gap-default\">\n\t\t\t\t\t<div class=\"elementor-column elementor-col-100 elementor-top-column elementor-element elementor-element-c8497a0\" data-id=\"c8497a0\" data-element_type=\"column\">\n\t\t\t<div class=\"elementor-widget-wrap elementor-element-populated\">\n\t\t\t\t\t\t\t<\/div>\n\t\t<\/div>\n\t\t\t\t\t<\/div>\n\t\t<\/section>\n\t\t\t\t<section class=\"elementor-section elementor-top-section elementor-element elementor-element-88c3c20 elementor-section-boxed elementor-section-height-default elementor-section-height-default\" data-id=\"88c3c20\" data-element_type=\"section\">\n\t\t\t\t\t\t<div class=\"elementor-container elementor-column-gap-default\">\n\t\t\t\t\t<div class=\"elementor-column elementor-col-100 elementor-top-column elementor-element elementor-element-54de815\" data-id=\"54de815\" data-element_type=\"column\">\n\t\t\t<div class=\"elementor-widget-wrap elementor-element-populated\">\n\t\t\t\t\t\t<div class=\"elementor-element elementor-element-d036e85 elementor-widget elementor-widget-wp-widget-text\" data-id=\"d036e85\" data-element_type=\"widget\" data-widget_type=\"wp-widget-text.default\">\n\t\t\t\t<div class=\"elementor-widget-container\">\n\t\t\t\t\t\t<div class=\"textwidget\"><p class=\"MsoNormal\" style=\"margin: 0cm 0cm 8pt;line-height: normal;font-size: 11pt;font-family: Calibri, sans-serif;font-weight: 400\" align=\"center\"><strong><span style=\"font-size: 18pt\">Sk\u0142ad Komisji Mi\u0119dzyzak\u0142adowej nr 205 na kadencj\u0119 2023\/2028<\/span><\/strong><\/p>\n<p class=\"MsoNormal\" style=\"margin: 0cm 0cm 8pt;line-height: 15.693334px;font-size: 11pt;font-family: Calibri, sans-serif;font-weight: 400;text-align: start\"><strong><span style=\"font-size: 14pt;line-height: 19.973333px\">LIPIEC MACIEJ<\/span><\/strong><span style=\"font-size: 14pt;line-height: 19.973333px\">&nbsp;<\/span>&nbsp; &nbsp; &nbsp; &nbsp; &nbsp; &nbsp; &nbsp; &nbsp; &nbsp; &nbsp; &nbsp; &nbsp; &nbsp; &nbsp; &nbsp; &nbsp;&nbsp;Przewodnicz\u0105cy&nbsp;&nbsp;&nbsp;&nbsp;&nbsp;&nbsp;&nbsp;&nbsp;&nbsp;&nbsp;&nbsp;&nbsp;&nbsp;&nbsp;&nbsp;&nbsp;&nbsp;&nbsp;&nbsp;&nbsp;&nbsp;&nbsp;&nbsp;PLL LOT<\/p>\n<p class=\"MsoNormal\" style=\"margin: 0cm 0cm 8pt;line-height: 15.693334px;font-size: 11pt;font-family: Calibri, sans-serif;font-weight: 400;text-align: start\"><strong><span style=\"font-size: 14pt;line-height: 19.973333px\">MIKULSKI ANDRZEJ<\/span><\/strong><span style=\"font-size: 14pt;line-height: 19.973333px\">&nbsp;<\/span>&nbsp;&nbsp;&nbsp;&nbsp;&nbsp;&nbsp;&nbsp;&nbsp;&nbsp;&nbsp;&nbsp;&nbsp;&nbsp;&nbsp;&nbsp;&nbsp;&nbsp;&nbsp;&nbsp;&nbsp;Wiceprzewodnicz\u0105cy&nbsp;&nbsp;&nbsp;&nbsp;&nbsp;&nbsp;&nbsp;&nbsp;&nbsp;&nbsp;&nbsp;&nbsp;&nbsp;&nbsp;&nbsp;&nbsp;LOT AMS<\/p>\n<p class=\"MsoNormal\" style=\"margin: 0cm 0cm 8pt;line-height: 15.693334px;font-size: 11pt;font-family: Calibri, sans-serif;font-weight: 400;text-align: start\"><strong><span style=\"font-size: 14pt;line-height: 19.973333px\">MIKULSKI JACEK<\/span><\/strong><span style=\"font-size: 14pt;line-height: 19.973333px\">&nbsp;<\/span>&nbsp;&nbsp;&nbsp;&nbsp;&nbsp;&nbsp;&nbsp;&nbsp;&nbsp;&nbsp;&nbsp;&nbsp;&nbsp;&nbsp;&nbsp;&nbsp;&nbsp;&nbsp;&nbsp;&nbsp;&nbsp;&nbsp;&nbsp;&nbsp;&nbsp;&nbsp;Sekretarz&nbsp;&nbsp;&nbsp;&nbsp;&nbsp;&nbsp;&nbsp;&nbsp;&nbsp;&nbsp;&nbsp;&nbsp;&nbsp;&nbsp;&nbsp;&nbsp;&nbsp;&nbsp;&nbsp;&nbsp;&nbsp;&nbsp;&nbsp;&nbsp;&nbsp;&nbsp;&nbsp;&nbsp;&nbsp;&nbsp;&nbsp;&nbsp;&nbsp;&nbsp;LOT AMS<\/p>\n<p class=\"MsoNormal\" style=\"margin: 0cm 0cm 8pt;line-height: 15.693334px;font-size: 11pt;font-family: Calibri, sans-serif;font-weight: 400;text-align: start\"><strong><span style=\"font-size: 14pt;line-height: 19.973333px\">P\u0141O\u0143SKI MACIEJ<\/span><\/strong><span style=\"font-size: 14pt;line-height: 19.973333px\">&nbsp;<\/span>&nbsp;&nbsp;&nbsp;&nbsp;&nbsp;&nbsp;&nbsp;&nbsp;&nbsp;&nbsp;&nbsp;&nbsp;&nbsp;&nbsp;&nbsp;&nbsp;&nbsp;&nbsp;&nbsp;&nbsp;&nbsp;&nbsp;&nbsp;&nbsp;&nbsp;&nbsp;Skarbnik&nbsp;&nbsp;&nbsp;&nbsp;&nbsp;&nbsp;&nbsp;&nbsp;&nbsp;&nbsp;&nbsp;&nbsp;&nbsp;&nbsp;&nbsp;&nbsp;&nbsp;&nbsp;&nbsp;&nbsp;&nbsp;&nbsp;&nbsp;&nbsp;&nbsp;&nbsp;&nbsp;&nbsp;&nbsp;&nbsp;&nbsp;&nbsp;&nbsp;&nbsp;&nbsp;Ko\u0142o Emeryt&oacute;w<\/p>\n<p class=\"MsoNormal\" style=\"margin: 0cm 0cm 8pt;line-height: 15.693334px;font-size: 11pt;font-family: Calibri, sans-serif;font-weight: 400;text-align: start\"><strong><span style=\"font-size: 14pt;line-height: 19.973333px\">GODLEWSKI KRZYSZTOF<\/span><\/strong><span style=\"font-size: 14pt;line-height: 19.973333px\">&nbsp;<\/span>&nbsp;&nbsp;&nbsp;&nbsp;&nbsp;&nbsp;&nbsp;&nbsp;Cz\u0142onek prezydium&nbsp;&nbsp;&nbsp;&nbsp;&nbsp;&nbsp;&nbsp;&nbsp;&nbsp;&nbsp;&nbsp;&nbsp;&nbsp;&nbsp;&nbsp;&nbsp;&nbsp;&nbsp;ORLEN Aviation<\/p>\n<p class=\"MsoNormal\" style=\"margin: 0cm 0cm 8pt;line-height: 15.693334px;font-size: 11pt;font-family: Calibri, sans-serif;font-weight: 400;text-align: start\"><strong><span style=\"font-size: 14pt;line-height: 19.973333px\">KACPRZAK JULIA&nbsp;&nbsp;&nbsp;<\/span><\/strong>&nbsp;&nbsp;&nbsp;&nbsp;&nbsp;&nbsp;&nbsp;&nbsp;&nbsp;&nbsp;&nbsp;&nbsp;&nbsp;&nbsp;&nbsp;&nbsp;&nbsp;&nbsp;&nbsp;&nbsp;&nbsp;&nbsp;Cz\u0142onek prezydium&nbsp;&nbsp;&nbsp;&nbsp;&nbsp;&nbsp;&nbsp;&nbsp;&nbsp;&nbsp;&nbsp;&nbsp;&nbsp;&nbsp;&nbsp;&nbsp;&nbsp;&nbsp;&nbsp;LOT AMS<\/p>\n<p class=\"MsoNormal\" style=\"margin: 0cm 0cm 8pt;line-height: 15.693334px;font-size: 11pt;font-family: Calibri, sans-serif;font-weight: 400;text-align: start\"><strong><span style=\"font-size: 14pt;line-height: 19.973333px\">OBIDZI\u0143SKA KATARZYNA<\/span><\/strong><span style=\"font-size: 14pt;line-height: 19.973333px\">&nbsp;<\/span>&nbsp;&nbsp;&nbsp;&nbsp;&nbsp;&nbsp;&nbsp;Cz\u0142onek prezydium&nbsp;&nbsp;&nbsp;&nbsp;&nbsp;&nbsp;&nbsp;&nbsp;&nbsp;&nbsp;&nbsp;&nbsp;&nbsp;&nbsp;&nbsp;&nbsp;&nbsp;&nbsp;&nbsp;LOT AMS<\/p>\n<p class=\"MsoNormal\" style=\"margin: 0cm 0cm 8pt;line-height: 15.693334px;font-size: 11pt;font-family: Calibri, sans-serif;font-weight: 400;text-align: start\"><strong><span style=\"font-size: 14pt;line-height: 19.973333px\">PRUSINOWSKI ZBIGNIEW<\/span><\/strong><span style=\"font-size: 14pt;line-height: 19.973333px\">&nbsp;<\/span>&nbsp; &nbsp; &nbsp; &nbsp;&nbsp;Cz\u0142onek prezydium&nbsp;&nbsp;&nbsp;&nbsp;&nbsp;&nbsp;&nbsp;&nbsp;&nbsp;&nbsp;&nbsp;&nbsp;&nbsp;&nbsp;&nbsp;&nbsp;&nbsp;&nbsp;DO&amp;CO Poland<\/p>\n<p class=\"MsoNormal\" style=\"margin: 0cm 0cm 8pt;line-height: 15.693334px;font-size: 11pt;font-family: Calibri, sans-serif;font-weight: 400;text-align: start\"><strong><span style=\"font-size: 14pt;line-height: 19.973333px\">ROWI\u0143SKA<\/span><\/strong><span style=\"font-size: 14pt;line-height: 19.973333px\">&nbsp;<strong>MONIKA<\/strong>&nbsp;<\/span>&nbsp; &nbsp; &nbsp; &nbsp; &nbsp; &nbsp; &nbsp; &nbsp; &nbsp; &nbsp;&nbsp;Cz\u0142onek prezydium&nbsp;&nbsp;&nbsp;&nbsp;&nbsp;&nbsp;&nbsp;&nbsp;&nbsp;&nbsp;&nbsp;&nbsp;&nbsp;&nbsp;&nbsp;&nbsp;&nbsp;&nbsp;PLL LOT<\/p>\n<p class=\"MsoNormal\" style=\"margin: 0cm 0cm 8pt;line-height: 15.693334px;font-size: 11pt;font-family: Calibri, sans-serif;font-weight: 400;text-align: start\"><strong><span style=\"font-size: 14pt;line-height: 19.973333px\">GRABOWSKI<\/span><\/strong><span style=\"font-size: 14pt;line-height: 19.973333px\">&nbsp;<strong>JERZY<\/strong>&nbsp;<\/span>&nbsp;&nbsp;&nbsp;&nbsp;&nbsp;&nbsp;&nbsp;&nbsp;&nbsp;&nbsp;&nbsp;&nbsp;&nbsp;&nbsp;&nbsp;&nbsp;&nbsp;&nbsp;&nbsp;&nbsp;Cz\u0142onek komisji&nbsp;&nbsp;&nbsp;&nbsp;&nbsp;&nbsp;&nbsp;&nbsp;&nbsp;&nbsp;&nbsp;&nbsp;&nbsp;&nbsp;&nbsp;&nbsp;&nbsp;&nbsp;&nbsp;&nbsp;&nbsp;&nbsp;&nbsp;&nbsp;PLL LOT<\/p>\n<p class=\"MsoNormal\" style=\"margin: 0cm 0cm 8pt;line-height: 15.693334px;font-size: 11pt;font-family: Calibri, sans-serif;font-weight: 400;text-align: start\"><strong><span style=\"font-size: 14pt;line-height: 19.973333px\">KITABATAKE<\/span><\/strong><span style=\"font-size: 14pt;line-height: 19.973333px\">&nbsp;<strong>MONIKA<\/strong>&nbsp;<\/span>&nbsp; &nbsp; &nbsp; &nbsp; &nbsp; &nbsp; &nbsp; &nbsp; &nbsp;Cz\u0142onek komisji&nbsp;&nbsp;&nbsp;&nbsp;&nbsp;&nbsp;&nbsp;&nbsp;&nbsp;&nbsp;&nbsp;&nbsp;&nbsp;&nbsp;&nbsp;&nbsp;&nbsp;&nbsp;&nbsp;&nbsp;&nbsp;&nbsp;&nbsp;&nbsp;PLL LOT<\/p>\n<p class=\"MsoNormal\" style=\"margin: 0cm 0cm 8pt;line-height: 15.693334px;font-size: 11pt;font-family: Calibri, sans-serif;font-weight: 400;text-align: start\"><strong><span style=\"font-size: 14pt;line-height: 19.973333px\">OPA\u0141CZYK<\/span><\/strong><span style=\"font-size: 14pt;line-height: 19.973333px\">&nbsp;<strong>ARTUR<\/strong>&nbsp;<\/span>&nbsp;&nbsp;&nbsp;&nbsp;&nbsp;&nbsp;&nbsp;&nbsp;&nbsp;&nbsp;&nbsp;&nbsp;&nbsp;&nbsp;&nbsp;&nbsp;&nbsp;&nbsp;&nbsp;&nbsp;&nbsp;&nbsp;&nbsp;Cz\u0142onek komisji&nbsp;&nbsp;&nbsp;&nbsp;&nbsp;&nbsp;&nbsp;&nbsp;&nbsp;&nbsp;&nbsp;&nbsp;&nbsp;&nbsp;&nbsp;&nbsp;&nbsp;&nbsp;&nbsp;&nbsp;&nbsp;&nbsp;&nbsp;&nbsp;LOT AMS<\/p>\n<p class=\"MsoNormal\" style=\"margin: 0cm 0cm 8pt;line-height: 15.693334px;font-size: 11pt;font-family: Calibri, sans-serif;font-weight: 400;text-align: start\"><strong><span style=\"font-size: 14pt;line-height: 19.973333px\">ROGULSKI<\/span><\/strong><span style=\"font-size: 14pt;line-height: 19.973333px\">&nbsp;<strong>JAROS\u0141AW<\/strong>&nbsp;<\/span>&nbsp;&nbsp;&nbsp;&nbsp;&nbsp;&nbsp;&nbsp;&nbsp;&nbsp;&nbsp;&nbsp;&nbsp;&nbsp;&nbsp;Cz\u0142onek komisji&nbsp;&nbsp;&nbsp;&nbsp;&nbsp;&nbsp;&nbsp;&nbsp;&nbsp;&nbsp;&nbsp;&nbsp;&nbsp;&nbsp;&nbsp;&nbsp;&nbsp;&nbsp;&nbsp;&nbsp;&nbsp;&nbsp;&nbsp;&nbsp;LOT AMS<\/p>\n<p class=\"MsoNormal\" style=\"margin: 0cm 0cm 8pt;line-height: 15.693334px;font-size: 11pt;font-family: Calibri, sans-serif;font-weight: 400;text-align: start\"><strong><span style=\"font-size: 14pt;line-height: 19.973333px\">STANIS\u0141AWSKA<\/span><\/strong><span style=\"font-size: 14pt;line-height: 19.973333px\">&nbsp;<strong>EL\u017bBIETA<\/strong>&nbsp;<\/span>&nbsp;&nbsp;&nbsp;&nbsp;&nbsp;&nbsp;Cz\u0142onek komisji&nbsp;&nbsp;&nbsp;&nbsp;&nbsp;&nbsp;&nbsp;&nbsp;&nbsp;&nbsp;&nbsp;&nbsp;&nbsp;&nbsp;&nbsp;&nbsp;&nbsp;&nbsp;&nbsp;&nbsp;&nbsp;&nbsp;&nbsp;&nbsp;DO&amp;CO Poland<\/p>\n<p class=\"MsoNormal\" style=\"margin: 0cm 0cm 8pt;line-height: 15.693334px;font-size: 11pt;font-family: Calibri, sans-serif;font-weight: 400;text-align: start\"><strong><span style=\"font-size: 14pt;line-height: 19.973333px\">WICHMAN<\/span><\/strong><span style=\"font-size: 14pt;line-height: 19.973333px\">&nbsp;<strong>KAROLINA<\/strong>&nbsp;<\/span>&nbsp;&nbsp;&nbsp;&nbsp;&nbsp;&nbsp;&nbsp;&nbsp;&nbsp;&nbsp;&nbsp;&nbsp;&nbsp;&nbsp;&nbsp;&nbsp; &nbsp;Cz\u0142onek komisji&nbsp;&nbsp; &nbsp; &nbsp; &nbsp; &nbsp; &nbsp; &nbsp; &nbsp; &nbsp; &nbsp; &nbsp; &nbsp;LOT AMS<\/p>\n<p class=\"MsoNormal\" style=\"margin: 0cm 0cm 8pt;line-height: 15.693334px;font-size: 11pt;font-family: Calibri, sans-serif;font-weight: 400;text-align: start\">&nbsp;<\/p>\n<p class=\"MsoNormal\" style=\"margin: 0cm 0cm 8pt;line-height: normal;font-size: 11pt;font-family: Calibri, sans-serif;font-weight: 400\" align=\"center\"><strong><span style=\"font-size: 18pt\">Sk\u0142ad Komisji Rewizyjnej na kadencj\u0119 2023\/2028<\/span><\/strong><\/p>\n<p class=\"MsoNormal\" style=\"margin: 0cm 0cm 8pt;line-height: 15.693334px;font-size: 11pt;font-family: Calibri, sans-serif;font-weight: 400;text-align: start\"><strong><span style=\"font-size: 14pt;line-height: 19.973333px\">\u015aWI\u0118TOCHOWSKI<\/span><\/strong><span style=\"font-size: 14pt;line-height: 19.973333px\">&nbsp;<strong>DARIUSZ<\/strong>&nbsp;&nbsp;&nbsp;&nbsp;&nbsp;&nbsp;&nbsp; &nbsp;<\/span>Przewodnicz\u0105cy<\/p>\n<p class=\"MsoNormal\" style=\"margin: 0cm 0cm 8pt;line-height: 15.693334px;font-size: 11pt;font-family: Calibri, sans-serif;font-weight: 400;text-align: start\"><strong><span style=\"font-size: 14pt;line-height: 19.973333px\">CHLEBICKA<\/span><\/strong><span style=\"font-size: 14pt;line-height: 19.973333px\">&nbsp;<strong>DANUTA<\/strong>&nbsp;&nbsp;&nbsp;&nbsp;&nbsp;&nbsp;&nbsp;&nbsp;&nbsp;&nbsp;&nbsp;&nbsp;&nbsp;&nbsp;&nbsp;&nbsp;&nbsp;&nbsp;&nbsp;&nbsp;<\/span>Cz\u0142onek komisji<\/p>\n<p class=\"MsoNormal\" style=\"margin: 0cm 0cm 8pt;line-height: 15.693334px;font-size: 11pt;font-family: Calibri, sans-serif;font-weight: 400;text-align: start\"><strong><span style=\"font-size: 14pt;line-height: 19.973333px\">P\u0118KOS\u0141AWSKA<\/span><\/strong><span style=\"font-size: 14pt;line-height: 19.973333px\">&nbsp;<strong>EWA<\/strong>&nbsp;&nbsp;&nbsp;&nbsp;&nbsp;&nbsp;&nbsp;&nbsp;&nbsp;&nbsp;&nbsp;&nbsp;&nbsp;&nbsp;&nbsp;&nbsp;&nbsp;&nbsp;&nbsp;&nbsp;<\/span>Cz\u0142onek komisj<\/p>\n<\/div>\n\t\t\t\t<\/div>\n\t\t\t\t<\/div>\n\t\t\t\t\t<\/div>\n\t\t<\/div>\n\t\t\t\t\t<\/div>\n\t\t<\/section>\n\t\t\t\t<\/div>\n\t\t","protected":false},"excerpt":{"rendered":"","protected":false},"author":1,"featured_media":0,"parent":77,"menu_order":40,"comment_status":"closed","ping_status":"closed","template":"pro\/page-templates\/full-width-page.php","meta":{"footnotes":""},"class_list":["post-123","page","type-page","status-publish","hentry"],"yoast_head":"<!-- This site is optimized with the Yoast SEO plugin v23.1 - https:\/\/yoast.com\/wordpress\/plugins\/seo\/ -->\n<title>W\u0142adze zwi\u0105zku - Lotsol.pl<\/title>\n<meta name=\"robots\" content=\"index, follow, max-snippet:-1, max-image-preview:large, max-video-preview:-1\" \/>\n<link rel=\"canonical\" href=\"https:\/\/lotsol.pl\/index.php\/o-nas\/wladze\/\" \/>\n<meta property=\"og:locale\" content=\"pl_PL\" \/>\n<meta property=\"og:type\" content=\"article\" \/>\n<meta property=\"og:title\" content=\"W\u0142adze zwi\u0105zku - Lotsol.pl\" \/>\n<meta property=\"og:url\" content=\"https:\/\/lotsol.pl\/index.php\/o-nas\/wladze\/\" \/>\n<meta property=\"og:site_name\" content=\"Lotsol.pl\" \/>\n<meta property=\"article:modified_time\" content=\"2023-04-25T18:19:29+00:00\" \/>\n<meta name=\"twitter:card\" content=\"summary_large_image\" \/>\n<meta name=\"twitter:label1\" content=\"Szacowany czas czytania\" \/>\n\t<meta name=\"twitter:data1\" content=\"1 minuta\" \/>\n<script type=\"application\/ld+json\" class=\"yoast-schema-graph\">{\"@context\":\"https:\/\/schema.org\",\"@graph\":[{\"@type\":\"WebPage\",\"@id\":\"https:\/\/lotsol.pl\/index.php\/o-nas\/wladze\/\",\"url\":\"https:\/\/lotsol.pl\/index.php\/o-nas\/wladze\/\",\"name\":\"W\u0142adze zwi\u0105zku - Lotsol.pl\",\"isPartOf\":{\"@id\":\"https:\/\/lotsol.pl\/#website\"},\"datePublished\":\"2019-06-12T18:59:13+00:00\",\"dateModified\":\"2023-04-25T18:19:29+00:00\",\"breadcrumb\":{\"@id\":\"https:\/\/lotsol.pl\/index.php\/o-nas\/wladze\/#breadcrumb\"},\"inLanguage\":\"pl-PL\",\"potentialAction\":[{\"@type\":\"ReadAction\",\"target\":[\"https:\/\/lotsol.pl\/index.php\/o-nas\/wladze\/\"]}]},{\"@type\":\"BreadcrumbList\",\"@id\":\"https:\/\/lotsol.pl\/index.php\/o-nas\/wladze\/#breadcrumb\",\"itemListElement\":[{\"@type\":\"ListItem\",\"position\":1,\"name\":\"Strona g\u0142\u00f3wna\",\"item\":\"https:\/\/lotsol.pl\/\"},{\"@type\":\"ListItem\",\"position\":2,\"name\":\"Kim jeste\u015bmy\",\"item\":\"https:\/\/lotsol.pl\/index.php\/o-nas\/\"},{\"@type\":\"ListItem\",\"position\":3,\"name\":\"W\u0142adze zwi\u0105zku\"}]},{\"@type\":\"WebSite\",\"@id\":\"https:\/\/lotsol.pl\/#website\",\"url\":\"https:\/\/lotsol.pl\/\",\"name\":\"Lotsol.pl\",\"description\":\"\",\"publisher\":{\"@id\":\"https:\/\/lotsol.pl\/#organization\"},\"potentialAction\":[{\"@type\":\"SearchAction\",\"target\":{\"@type\":\"EntryPoint\",\"urlTemplate\":\"https:\/\/lotsol.pl\/?s={search_term_string}\"},\"query-input\":\"required name=search_term_string\"}],\"inLanguage\":\"pl-PL\"},{\"@type\":\"Organization\",\"@id\":\"https:\/\/lotsol.pl\/#organization\",\"name\":\"Lotsol.pl\",\"url\":\"https:\/\/lotsol.pl\/\",\"logo\":{\"@type\":\"ImageObject\",\"inLanguage\":\"pl-PL\",\"@id\":\"https:\/\/lotsol.pl\/#\/schema\/logo\/image\/\",\"url\":\"https:\/\/lotsol.pl\/wp-content\/uploads\/2019\/06\/cropped-znaczek_mod-2.jpg\",\"contentUrl\":\"https:\/\/lotsol.pl\/wp-content\/uploads\/2019\/06\/cropped-znaczek_mod-2.jpg\",\"width\":1912,\"height\":1045,\"caption\":\"Lotsol.pl\"},\"image\":{\"@id\":\"https:\/\/lotsol.pl\/#\/schema\/logo\/image\/\"}}]}<\/script>\n<!-- \/ Yoast SEO plugin. -->","yoast_head_json":{"title":"W\u0142adze zwi\u0105zku - Lotsol.pl","robots":{"index":"index","follow":"follow","max-snippet":"max-snippet:-1","max-image-preview":"max-image-preview:large","max-video-preview":"max-video-preview:-1"},"canonical":"https:\/\/lotsol.pl\/index.php\/o-nas\/wladze\/","og_locale":"pl_PL","og_type":"article","og_title":"W\u0142adze zwi\u0105zku - Lotsol.pl","og_url":"https:\/\/lotsol.pl\/index.php\/o-nas\/wladze\/","og_site_name":"Lotsol.pl","article_modified_time":"2023-04-25T18:19:29+00:00","twitter_card":"summary_large_image","twitter_misc":{"Szacowany czas czytania":"1 minuta"},"schema":{"@context":"https:\/\/schema.org","@graph":[{"@type":"WebPage","@id":"https:\/\/lotsol.pl\/index.php\/o-nas\/wladze\/","url":"https:\/\/lotsol.pl\/index.php\/o-nas\/wladze\/","name":"W\u0142adze zwi\u0105zku - Lotsol.pl","isPartOf":{"@id":"https:\/\/lotsol.pl\/#website"},"datePublished":"2019-06-12T18:59:13+00:00","dateModified":"2023-04-25T18:19:29+00:00","breadcrumb":{"@id":"https:\/\/lotsol.pl\/index.php\/o-nas\/wladze\/#breadcrumb"},"inLanguage":"pl-PL","potentialAction":[{"@type":"ReadAction","target":["https:\/\/lotsol.pl\/index.php\/o-nas\/wladze\/"]}]},{"@type":"BreadcrumbList","@id":"https:\/\/lotsol.pl\/index.php\/o-nas\/wladze\/#breadcrumb","itemListElement":[{"@type":"ListItem","position":1,"name":"Strona g\u0142\u00f3wna","item":"https:\/\/lotsol.pl\/"},{"@type":"ListItem","position":2,"name":"Kim jeste\u015bmy","item":"https:\/\/lotsol.pl\/index.php\/o-nas\/"},{"@type":"ListItem","position":3,"name":"W\u0142adze zwi\u0105zku"}]},{"@type":"WebSite","@id":"https:\/\/lotsol.pl\/#website","url":"https:\/\/lotsol.pl\/","name":"Lotsol.pl","description":"","publisher":{"@id":"https:\/\/lotsol.pl\/#organization"},"potentialAction":[{"@type":"SearchAction","target":{"@type":"EntryPoint","urlTemplate":"https:\/\/lotsol.pl\/?s={search_term_string}"},"query-input":"required name=search_term_string"}],"inLanguage":"pl-PL"},{"@type":"Organization","@id":"https:\/\/lotsol.pl\/#organization","name":"Lotsol.pl","url":"https:\/\/lotsol.pl\/","logo":{"@type":"ImageObject","inLanguage":"pl-PL","@id":"https:\/\/lotsol.pl\/#\/schema\/logo\/image\/","url":"https:\/\/lotsol.pl\/wp-content\/uploads\/2019\/06\/cropped-znaczek_mod-2.jpg","contentUrl":"https:\/\/lotsol.pl\/wp-content\/uploads\/2019\/06\/cropped-znaczek_mod-2.jpg","width":1912,"height":1045,"caption":"Lotsol.pl"},"image":{"@id":"https:\/\/lotsol.pl\/#\/schema\/logo\/image\/"}}]}},"_links":{"self":[{"href":"https:\/\/lotsol.pl\/index.php\/wp-json\/wp\/v2\/pages\/123"}],"collection":[{"href":"https:\/\/lotsol.pl\/index.php\/wp-json\/wp\/v2\/pages"}],"about":[{"href":"https:\/\/lotsol.pl\/index.php\/wp-json\/wp\/v2\/types\/page"}],"author":[{"embeddable":true,"href":"https:\/\/lotsol.pl\/index.php\/wp-json\/wp\/v2\/users\/1"}],"replies":[{"embeddable":true,"href":"https:\/\/lotsol.pl\/index.php\/wp-json\/wp\/v2\/comments?post=123"}],"version-history":[{"count":31,"href":"https:\/\/lotsol.pl\/index.php\/wp-json\/wp\/v2\/pages\/123\/revisions"}],"predecessor-version":[{"id":630,"href":"https:\/\/lotsol.pl\/index.php\/wp-json\/wp\/v2\/pages\/123\/revisions\/630"}],"up":[{"embeddable":true,"href":"https:\/\/lotsol.pl\/index.php\/wp-json\/wp\/v2\/pages\/77"}],"wp:attachment":[{"href":"https:\/\/lotsol.pl\/index.php\/wp-json\/wp\/v2\/media?parent=123"}],"curies":[{"name":"wp","href":"https:\/\/api.w.org\/{rel}","templated":true}]}}