{"id":124,"date":"2019-06-12T20:59:13","date_gmt":"2019-06-12T18:59:13","guid":{"rendered":"https:\/\/lotsol.pl\/?page_id=124"},"modified":"2019-11-28T18:51:37","modified_gmt":"2019-11-28T17:51:37","slug":"o-lot-ams","status":"publish","type":"page","link":"https:\/\/lotsol.pl\/index.php\/o-nas\/o-lot-ams\/","title":{"rendered":"O Lot AMS"},"content":{"rendered":"\t\t<div data-elementor-type=\"wp-post\" data-elementor-id=\"124\" class=\"elementor elementor-124\">\n\t\t\t\t\t\t<section class=\"elementor-section elementor-top-section elementor-element elementor-element-75661a4 elementor-section-boxed elementor-section-height-default elementor-section-height-default\" data-id=\"75661a4\" data-element_type=\"section\">\n\t\t\t\t\t\t<div class=\"elementor-container elementor-column-gap-default\">\n\t\t\t\t\t<div class=\"elementor-column elementor-col-100 elementor-top-column elementor-element elementor-element-e8664c3\" data-id=\"e8664c3\" data-element_type=\"column\">\n\t\t\t<div class=\"elementor-widget-wrap elementor-element-populated\">\n\t\t\t\t\t\t<div class=\"elementor-element elementor-element-1e88abe elementor-widget elementor-widget-wp-widget-text\" data-id=\"1e88abe\" data-element_type=\"widget\" data-widget_type=\"wp-widget-text.default\">\n\t\t\t\t<div class=\"elementor-widget-container\">\n\t\t\t\t\t\t<div class=\"textwidget\"><h3 style=\"text-align: center\">Organizacja Oddzia\u0142owa w LOT AMS Sp. z o. o.<\/h3>\n<h3 style=\"text-align: center\">Sp&oacute;\u0142ka LOT AMS zosta\u0142a wydzielona ze struktur PLL LOT w lipcu 2010 roku. Cz\u0142onkowie NSZZ Solidarno\u015b\u0107, kt&oacute;rzy na mocy porozumienia przeszli do nowego pracodawcy, pozostali zrzeszeni jak poprzednio w ko\u0142ach zwi\u0105zkowych. Taki stan rzeczy trwa\u0142 do roku 2014, kiedy przeprowadzono pierwsze wybory w\u0142adz wydzielonej organizacji zwi\u0105zkowej. Wybory przeprowadzono na kadencj\u0119 2014 &ndash; 2018. W obecnej kadencji, na lata 2018 &ndash; 2023, wybrano do w\u0142adz Organizacji Oddzia\u0142owej nast\u0119puj\u0105ce osoby:<\/h3>\n<h3 style=\"text-align: center\"><strong>ANDRZEJ MIKULSKI<\/strong> &ndash; przewodnicz\u0105cy<\/h3>\n<h3 style=\"text-align: center\"><strong>KATARZYNA OBIDZI\u0143SKA<\/strong> &ndash; wiceprzewodnicz\u0105ca<\/h3>\n<h3 style=\"text-align: center\"><strong> JACEK MIKULSKI<\/strong> &ndash; sekretarz<\/h3>\n<h3 style=\"text-align: center\"><strong>JAROS\u0141AW ROGULSKI<\/strong> &ndash; cz\u0142onek prezydium<\/h3>\n<\/div>\n\t\t\t\t<\/div>\n\t\t\t\t<\/div>\n\t\t\t\t\t<\/div>\n\t\t<\/div>\n\t\t\t\t\t<\/div>\n\t\t<\/section>\n\t\t\t\t<\/div>\n\t\t","protected":false},"excerpt":{"rendered":"","protected":false},"author":1,"featured_media":0,"parent":77,"menu_order":20,"comment_status":"closed","ping_status":"closed","template":"pro\/page-templates\/full-width-page.php","meta":{"footnotes":""},"class_list":["post-124","page","type-page","status-publish","hentry"],"yoast_head":"<!-- This site is optimized with the Yoast SEO plugin v23.1 - https:\/\/yoast.com\/wordpress\/plugins\/seo\/ -->\n<title>O Lot AMS - Lotsol.pl<\/title>\n<meta name=\"robots\" content=\"index, follow, max-snippet:-1, max-image-preview:large, max-video-preview:-1\" \/>\n<link rel=\"canonical\" href=\"https:\/\/lotsol.pl\/index.php\/o-nas\/o-lot-ams\/\" \/>\n<meta property=\"og:locale\" content=\"pl_PL\" \/>\n<meta property=\"og:type\" content=\"article\" \/>\n<meta property=\"og:title\" content=\"O Lot AMS - Lotsol.pl\" \/>\n<meta property=\"og:url\" content=\"https:\/\/lotsol.pl\/index.php\/o-nas\/o-lot-ams\/\" \/>\n<meta property=\"og:site_name\" content=\"Lotsol.pl\" \/>\n<meta property=\"article:modified_time\" content=\"2019-11-28T17:51:37+00:00\" \/>\n<meta name=\"twitter:card\" content=\"summary_large_image\" \/>\n<script type=\"application\/ld+json\" class=\"yoast-schema-graph\">{\"@context\":\"https:\/\/schema.org\",\"@graph\":[{\"@type\":\"WebPage\",\"@id\":\"https:\/\/lotsol.pl\/index.php\/o-nas\/o-lot-ams\/\",\"url\":\"https:\/\/lotsol.pl\/index.php\/o-nas\/o-lot-ams\/\",\"name\":\"O Lot AMS - Lotsol.pl\",\"isPartOf\":{\"@id\":\"https:\/\/lotsol.pl\/#website\"},\"datePublished\":\"2019-06-12T18:59:13+00:00\",\"dateModified\":\"2019-11-28T17:51:37+00:00\",\"breadcrumb\":{\"@id\":\"https:\/\/lotsol.pl\/index.php\/o-nas\/o-lot-ams\/#breadcrumb\"},\"inLanguage\":\"pl-PL\",\"potentialAction\":[{\"@type\":\"ReadAction\",\"target\":[\"https:\/\/lotsol.pl\/index.php\/o-nas\/o-lot-ams\/\"]}]},{\"@type\":\"BreadcrumbList\",\"@id\":\"https:\/\/lotsol.pl\/index.php\/o-nas\/o-lot-ams\/#breadcrumb\",\"itemListElement\":[{\"@type\":\"ListItem\",\"position\":1,\"name\":\"Strona g\u0142\u00f3wna\",\"item\":\"https:\/\/lotsol.pl\/\"},{\"@type\":\"ListItem\",\"position\":2,\"name\":\"Kim jeste\u015bmy\",\"item\":\"https:\/\/lotsol.pl\/index.php\/o-nas\/\"},{\"@type\":\"ListItem\",\"position\":3,\"name\":\"O Lot AMS\"}]},{\"@type\":\"WebSite\",\"@id\":\"https:\/\/lotsol.pl\/#website\",\"url\":\"https:\/\/lotsol.pl\/\",\"name\":\"Lotsol.pl\",\"description\":\"\",\"publisher\":{\"@id\":\"https:\/\/lotsol.pl\/#organization\"},\"potentialAction\":[{\"@type\":\"SearchAction\",\"target\":{\"@type\":\"EntryPoint\",\"urlTemplate\":\"https:\/\/lotsol.pl\/?s={search_term_string}\"},\"query-input\":\"required name=search_term_string\"}],\"inLanguage\":\"pl-PL\"},{\"@type\":\"Organization\",\"@id\":\"https:\/\/lotsol.pl\/#organization\",\"name\":\"Lotsol.pl\",\"url\":\"https:\/\/lotsol.pl\/\",\"logo\":{\"@type\":\"ImageObject\",\"inLanguage\":\"pl-PL\",\"@id\":\"https:\/\/lotsol.pl\/#\/schema\/logo\/image\/\",\"url\":\"https:\/\/lotsol.pl\/wp-content\/uploads\/2019\/06\/cropped-znaczek_mod-2.jpg\",\"contentUrl\":\"https:\/\/lotsol.pl\/wp-content\/uploads\/2019\/06\/cropped-znaczek_mod-2.jpg\",\"width\":1912,\"height\":1045,\"caption\":\"Lotsol.pl\"},\"image\":{\"@id\":\"https:\/\/lotsol.pl\/#\/schema\/logo\/image\/\"}}]}<\/script>\n<!-- \/ Yoast SEO plugin. -->","yoast_head_json":{"title":"O Lot AMS - Lotsol.pl","robots":{"index":"index","follow":"follow","max-snippet":"max-snippet:-1","max-image-preview":"max-image-preview:large","max-video-preview":"max-video-preview:-1"},"canonical":"https:\/\/lotsol.pl\/index.php\/o-nas\/o-lot-ams\/","og_locale":"pl_PL","og_type":"article","og_title":"O Lot AMS - Lotsol.pl","og_url":"https:\/\/lotsol.pl\/index.php\/o-nas\/o-lot-ams\/","og_site_name":"Lotsol.pl","article_modified_time":"2019-11-28T17:51:37+00:00","twitter_card":"summary_large_image","schema":{"@context":"https:\/\/schema.org","@graph":[{"@type":"WebPage","@id":"https:\/\/lotsol.pl\/index.php\/o-nas\/o-lot-ams\/","url":"https:\/\/lotsol.pl\/index.php\/o-nas\/o-lot-ams\/","name":"O Lot AMS - Lotsol.pl","isPartOf":{"@id":"https:\/\/lotsol.pl\/#website"},"datePublished":"2019-06-12T18:59:13+00:00","dateModified":"2019-11-28T17:51:37+00:00","breadcrumb":{"@id":"https:\/\/lotsol.pl\/index.php\/o-nas\/o-lot-ams\/#breadcrumb"},"inLanguage":"pl-PL","potentialAction":[{"@type":"ReadAction","target":["https:\/\/lotsol.pl\/index.php\/o-nas\/o-lot-ams\/"]}]},{"@type":"BreadcrumbList","@id":"https:\/\/lotsol.pl\/index.php\/o-nas\/o-lot-ams\/#breadcrumb","itemListElement":[{"@type":"ListItem","position":1,"name":"Strona g\u0142\u00f3wna","item":"https:\/\/lotsol.pl\/"},{"@type":"ListItem","position":2,"name":"Kim jeste\u015bmy","item":"https:\/\/lotsol.pl\/index.php\/o-nas\/"},{"@type":"ListItem","position":3,"name":"O Lot AMS"}]},{"@type":"WebSite","@id":"https:\/\/lotsol.pl\/#website","url":"https:\/\/lotsol.pl\/","name":"Lotsol.pl","description":"","publisher":{"@id":"https:\/\/lotsol.pl\/#organization"},"potentialAction":[{"@type":"SearchAction","target":{"@type":"EntryPoint","urlTemplate":"https:\/\/lotsol.pl\/?s={search_term_string}"},"query-input":"required name=search_term_string"}],"inLanguage":"pl-PL"},{"@type":"Organization","@id":"https:\/\/lotsol.pl\/#organization","name":"Lotsol.pl","url":"https:\/\/lotsol.pl\/","logo":{"@type":"ImageObject","inLanguage":"pl-PL","@id":"https:\/\/lotsol.pl\/#\/schema\/logo\/image\/","url":"https:\/\/lotsol.pl\/wp-content\/uploads\/2019\/06\/cropped-znaczek_mod-2.jpg","contentUrl":"https:\/\/lotsol.pl\/wp-content\/uploads\/2019\/06\/cropped-znaczek_mod-2.jpg","width":1912,"height":1045,"caption":"Lotsol.pl"},"image":{"@id":"https:\/\/lotsol.pl\/#\/schema\/logo\/image\/"}}]}},"_links":{"self":[{"href":"https:\/\/lotsol.pl\/index.php\/wp-json\/wp\/v2\/pages\/124"}],"collection":[{"href":"https:\/\/lotsol.pl\/index.php\/wp-json\/wp\/v2\/pages"}],"about":[{"href":"https:\/\/lotsol.pl\/index.php\/wp-json\/wp\/v2\/types\/page"}],"author":[{"embeddable":true,"href":"https:\/\/lotsol.pl\/index.php\/wp-json\/wp\/v2\/users\/1"}],"replies":[{"embeddable":true,"href":"https:\/\/lotsol.pl\/index.php\/wp-json\/wp\/v2\/comments?post=124"}],"version-history":[{"count":10,"href":"https:\/\/lotsol.pl\/index.php\/wp-json\/wp\/v2\/pages\/124\/revisions"}],"predecessor-version":[{"id":345,"href":"https:\/\/lotsol.pl\/index.php\/wp-json\/wp\/v2\/pages\/124\/revisions\/345"}],"up":[{"embeddable":true,"href":"https:\/\/lotsol.pl\/index.php\/wp-json\/wp\/v2\/pages\/77"}],"wp:attachment":[{"href":"https:\/\/lotsol.pl\/index.php\/wp-json\/wp\/v2\/media?parent=124"}],"curies":[{"name":"wp","href":"https:\/\/api.w.org\/{rel}","templated":true}]}}