{"id":135,"date":"2019-06-12T21:19:00","date_gmt":"2019-06-12T19:19:00","guid":{"rendered":"https:\/\/lotsol.pl\/?page_id=135"},"modified":"2019-12-02T09:34:02","modified_gmt":"2019-12-02T08:34:02","slug":"o-nas-2","status":"publish","type":"page","link":"https:\/\/lotsol.pl\/index.php\/o-nas\/o-nas-2\/","title":{"rendered":"O nas"},"content":{"rendered":"\t\t<div data-elementor-type=\"wp-post\" data-elementor-id=\"135\" class=\"elementor elementor-135\">\n\t\t\t\t\t\t<section class=\"elementor-section elementor-top-section elementor-element elementor-element-1401a29 elementor-section-boxed elementor-section-height-default elementor-section-height-default\" data-id=\"1401a29\" data-element_type=\"section\">\n\t\t\t\t\t\t<div class=\"elementor-container elementor-column-gap-default\">\n\t\t\t\t\t<div class=\"elementor-column elementor-col-100 elementor-top-column elementor-element elementor-element-5694684\" data-id=\"5694684\" data-element_type=\"column\">\n\t\t\t<div class=\"elementor-widget-wrap elementor-element-populated\">\n\t\t\t\t\t\t<div class=\"elementor-element elementor-element-954df5d elementor-widget elementor-widget-wp-widget-text\" data-id=\"954df5d\" data-element_type=\"widget\" data-widget_type=\"wp-widget-text.default\">\n\t\t\t\t<div class=\"elementor-widget-container\">\n\t\t\t\t\t\t<div class=\"textwidget\"><h3 style=\"text-align: center\"><span>Niezale\u017cny Samorz\u0105dny Zwi\u0105zek Zawodowy &bdquo;Solidarno\u015b\u0107&rdquo; &ndash; og&oacute;lnopolski zwi\u0105zek zawodowy powsta\u0142y w 1980 dla obrony praw pracowniczych, do 1989 r&oacute;wnie\u017c jeden z g\u0142&oacute;wnych o\u015brodk&oacute;w opozycji przeciw rz\u0105dowi Polski Ludowej i komunizmowi. Pocz\u0105tkowo du\u017ce wp\u0142ywy polityczne organizacji w III Rzeczypospolitej (np. Akcja Wyborcza Solidarno\u015b\u0107 w latach 1997&ndash;2001) uleg\u0142y nast\u0119pnie znacznemu os\u0142abieniu.&nbsp;<\/span><\/h3>\n<h3 style=\"text-align: center\"><span>&bdquo;Solidarno\u015b\u0107&rdquo; powsta\u0142a na bazie licznych komitet&oacute;w strajkowych (w tym Mi\u0119dzyzak\u0142adowego Komitetu Strajkowego w Gda\u0144sku), kt&oacute;re z czasem przekszta\u0142ci\u0142y si\u0119 w komisje za\u0142o\u017cycielskie Niezale\u017cnego Samorz\u0105dnego Zwi\u0105zku Zawodowego &bdquo;Solidarno\u015b\u0107&rdquo;. NSZZ &bdquo;Solidarno\u015b\u0107&rdquo; zosta\u0142 zarejestrowany 10 listopada 1980 przez S\u0105d Wojew&oacute;dzki w Warszawie.&nbsp;<\/span><\/h3>\n<h3 style=\"text-align: center\"><span>Od 2006 jest cz\u0142onkiem Mi\u0119dzynarodowej Konfederacji Zwi\u0105zk&oacute;w Zawodowych.<\/span><\/h3>\n<h3 style=\"text-align: center\"><span>NSZZ &rdquo;SOLIDARNO\u015a\u0106&rdquo; istnieje w PLL LOT od wrze\u015bnia 1980 r. W po\u0142owie 1980 r. spontanicznie powsta\u0142 komitet za\u0142o\u017cycielski Wolnych Zwi\u0105zk&oacute;w Zawodowych. W sk\u0142ad&nbsp; komitetu weszli pracownicy reprezentuj\u0105cy ca\u0142\u0105 spo\u0142eczno\u015b\u0107 przedsi\u0119biorstwa. Jako pierwszy funkcj\u0119 przewodnicz\u0105cego zwi\u0105zku pe\u0142ni\u0142 kolega Andrzej M&oacute;wczan. Oto sk\u0142ad &oacute;wczesnego, pierwszego Prezydium Komisji Zak\u0142adowej:<\/span><\/h3>\n<h3 style=\"text-align: center\"><span>Andrzej M&oacute;wczan &#8211; Przewodnicz\u0105cy<\/span><\/h3>\n<h3 style=\"text-align: center\"><span>Jaros\u0142aw Roszkowski &#8211; Z-ca przewodnicz\u0105cego ds. kontakt&oacute;w zewn\u0119trznych<\/span><\/h3>\n<h3 style=\"text-align: center\"><span>Andrzej Mo\u017cdzierz &#8211; Z-ca przewodnicz\u0105cego ds. organizacyjnych<\/span><\/h3>\n<h3 style=\"text-align: center\"><span>Stanis\u0142aw Marcysiak &#8211; Sekretarz<\/span><\/h3>\n<h3 style=\"text-align: center\"><span>Tadeusz Opi\u0142ka &#8211; Skarbnik<\/span><\/h3>\n<h3 style=\"text-align: center\"><span>Jadwiga Piekarska &#8211; Cz\u0142onek prezydium ds. zatrudnienia<\/span><\/h3>\n<h3 style=\"text-align: center\"><span>Ryszard Kobus &#8211; Cz\u0142onek prezydium ds. p\u0142ac<\/span><\/h3>\n<h3 style=\"text-align: center\"><span>Marek Wo\u017cniak &#8211; Cz\u0142onek prezydium ds. socjalnych<\/span><\/h3>\n<h3 style=\"text-align: center\"><span>Eugeniusz Zdunek &#8211; Cz\u0142onek prezydium ds. pracy&nbsp; i BHP<\/span><\/h3>\n<h3 style=\"text-align: center\"><span>Walenty Stachowiak &#8211; Cz\u0142onek prezydium ds. sportu i rekreacji<\/span><\/h3>\n<h3 style=\"text-align: center\"><span>Lucjan Chorzelski &#8211; Cz\u0142onek prezydium ds. szkolenia i wydawnictw<\/span><\/h3>\n<h3 style=\"text-align: center\"><span>W chwili obecnej w sk\u0142ad Organizacji Mi\u0119dzyzak\u0142adowej nr 205 wchodz\u0105 Organizacja Oddzia\u0142owa w PLL LOT, Organizacje Oddzia\u0142owe w LOT AMS, Orlen Aviation oraz DO&amp;CO.<\/span><\/h3>\n<h3 style=\"text-align: center\"><span>Wszystkie wymienione podmioty, by\u0142y w przesz\u0142o\u015bci cz\u0119\u015bci\u0105 Narodowego Przewo\u017anika, jednak\u017ce z uwagi na uwarunkowania ekonomiczne i polityczne, zosta\u0142y wydzielone z jego struktur i sprzedane. Nie spowodowa\u0142o to jednak rozbicia OM 205, kt&oacute;ra do chwili obecnej skupia wszystkie te Organizacje Oddzia\u0142owe, zachowuj\u0105c wsp&oacute;ln\u0105 Komisj\u0119 Mi\u0119dzyzak\u0142adow\u0105 oraz jej Prezydium a co za tym idzie sp&oacute;jn\u0105 polityk\u0119 w dzia\u0142aniach propracowniczych i prosocjalnych.<\/span><\/h3>\n<\/div>\n\t\t\t\t<\/div>\n\t\t\t\t<\/div>\n\t\t\t\t\t<\/div>\n\t\t<\/div>\n\t\t\t\t\t<\/div>\n\t\t<\/section>\n\t\t\t\t<\/div>\n\t\t","protected":false},"excerpt":{"rendered":"","protected":false},"author":1,"featured_media":0,"parent":77,"menu_order":10,"comment_status":"closed","ping_status":"closed","template":"","meta":{"footnotes":""},"class_list":["post-135","page","type-page","status-publish","hentry"],"yoast_head":"<!-- This site is optimized with the Yoast SEO plugin v23.1 - https:\/\/yoast.com\/wordpress\/plugins\/seo\/ -->\n<title>O nas - Lotsol.pl<\/title>\n<meta name=\"robots\" content=\"index, follow, max-snippet:-1, max-image-preview:large, max-video-preview:-1\" \/>\n<link rel=\"canonical\" href=\"https:\/\/lotsol.pl\/index.php\/o-nas\/o-nas-2\/\" \/>\n<meta property=\"og:locale\" content=\"pl_PL\" \/>\n<meta property=\"og:type\" content=\"article\" \/>\n<meta property=\"og:title\" content=\"O nas - Lotsol.pl\" \/>\n<meta property=\"og:url\" content=\"https:\/\/lotsol.pl\/index.php\/o-nas\/o-nas-2\/\" \/>\n<meta property=\"og:site_name\" content=\"Lotsol.pl\" \/>\n<meta property=\"article:modified_time\" content=\"2019-12-02T08:34:02+00:00\" \/>\n<meta name=\"twitter:card\" content=\"summary_large_image\" \/>\n<script type=\"application\/ld+json\" class=\"yoast-schema-graph\">{\"@context\":\"https:\/\/schema.org\",\"@graph\":[{\"@type\":\"WebPage\",\"@id\":\"https:\/\/lotsol.pl\/index.php\/o-nas\/o-nas-2\/\",\"url\":\"https:\/\/lotsol.pl\/index.php\/o-nas\/o-nas-2\/\",\"name\":\"O nas - Lotsol.pl\",\"isPartOf\":{\"@id\":\"https:\/\/lotsol.pl\/#website\"},\"datePublished\":\"2019-06-12T19:19:00+00:00\",\"dateModified\":\"2019-12-02T08:34:02+00:00\",\"breadcrumb\":{\"@id\":\"https:\/\/lotsol.pl\/index.php\/o-nas\/o-nas-2\/#breadcrumb\"},\"inLanguage\":\"pl-PL\",\"potentialAction\":[{\"@type\":\"ReadAction\",\"target\":[\"https:\/\/lotsol.pl\/index.php\/o-nas\/o-nas-2\/\"]}]},{\"@type\":\"BreadcrumbList\",\"@id\":\"https:\/\/lotsol.pl\/index.php\/o-nas\/o-nas-2\/#breadcrumb\",\"itemListElement\":[{\"@type\":\"ListItem\",\"position\":1,\"name\":\"Strona g\u0142\u00f3wna\",\"item\":\"https:\/\/lotsol.pl\/\"},{\"@type\":\"ListItem\",\"position\":2,\"name\":\"Kim jeste\u015bmy\",\"item\":\"https:\/\/lotsol.pl\/index.php\/o-nas\/\"},{\"@type\":\"ListItem\",\"position\":3,\"name\":\"O nas\"}]},{\"@type\":\"WebSite\",\"@id\":\"https:\/\/lotsol.pl\/#website\",\"url\":\"https:\/\/lotsol.pl\/\",\"name\":\"Lotsol.pl\",\"description\":\"\",\"publisher\":{\"@id\":\"https:\/\/lotsol.pl\/#organization\"},\"potentialAction\":[{\"@type\":\"SearchAction\",\"target\":{\"@type\":\"EntryPoint\",\"urlTemplate\":\"https:\/\/lotsol.pl\/?s={search_term_string}\"},\"query-input\":\"required name=search_term_string\"}],\"inLanguage\":\"pl-PL\"},{\"@type\":\"Organization\",\"@id\":\"https:\/\/lotsol.pl\/#organization\",\"name\":\"Lotsol.pl\",\"url\":\"https:\/\/lotsol.pl\/\",\"logo\":{\"@type\":\"ImageObject\",\"inLanguage\":\"pl-PL\",\"@id\":\"https:\/\/lotsol.pl\/#\/schema\/logo\/image\/\",\"url\":\"https:\/\/lotsol.pl\/wp-content\/uploads\/2019\/06\/cropped-znaczek_mod-2.jpg\",\"contentUrl\":\"https:\/\/lotsol.pl\/wp-content\/uploads\/2019\/06\/cropped-znaczek_mod-2.jpg\",\"width\":1912,\"height\":1045,\"caption\":\"Lotsol.pl\"},\"image\":{\"@id\":\"https:\/\/lotsol.pl\/#\/schema\/logo\/image\/\"}}]}<\/script>\n<!-- \/ Yoast SEO plugin. -->","yoast_head_json":{"title":"O nas - Lotsol.pl","robots":{"index":"index","follow":"follow","max-snippet":"max-snippet:-1","max-image-preview":"max-image-preview:large","max-video-preview":"max-video-preview:-1"},"canonical":"https:\/\/lotsol.pl\/index.php\/o-nas\/o-nas-2\/","og_locale":"pl_PL","og_type":"article","og_title":"O nas - Lotsol.pl","og_url":"https:\/\/lotsol.pl\/index.php\/o-nas\/o-nas-2\/","og_site_name":"Lotsol.pl","article_modified_time":"2019-12-02T08:34:02+00:00","twitter_card":"summary_large_image","schema":{"@context":"https:\/\/schema.org","@graph":[{"@type":"WebPage","@id":"https:\/\/lotsol.pl\/index.php\/o-nas\/o-nas-2\/","url":"https:\/\/lotsol.pl\/index.php\/o-nas\/o-nas-2\/","name":"O nas - Lotsol.pl","isPartOf":{"@id":"https:\/\/lotsol.pl\/#website"},"datePublished":"2019-06-12T19:19:00+00:00","dateModified":"2019-12-02T08:34:02+00:00","breadcrumb":{"@id":"https:\/\/lotsol.pl\/index.php\/o-nas\/o-nas-2\/#breadcrumb"},"inLanguage":"pl-PL","potentialAction":[{"@type":"ReadAction","target":["https:\/\/lotsol.pl\/index.php\/o-nas\/o-nas-2\/"]}]},{"@type":"BreadcrumbList","@id":"https:\/\/lotsol.pl\/index.php\/o-nas\/o-nas-2\/#breadcrumb","itemListElement":[{"@type":"ListItem","position":1,"name":"Strona g\u0142\u00f3wna","item":"https:\/\/lotsol.pl\/"},{"@type":"ListItem","position":2,"name":"Kim jeste\u015bmy","item":"https:\/\/lotsol.pl\/index.php\/o-nas\/"},{"@type":"ListItem","position":3,"name":"O nas"}]},{"@type":"WebSite","@id":"https:\/\/lotsol.pl\/#website","url":"https:\/\/lotsol.pl\/","name":"Lotsol.pl","description":"","publisher":{"@id":"https:\/\/lotsol.pl\/#organization"},"potentialAction":[{"@type":"SearchAction","target":{"@type":"EntryPoint","urlTemplate":"https:\/\/lotsol.pl\/?s={search_term_string}"},"query-input":"required name=search_term_string"}],"inLanguage":"pl-PL"},{"@type":"Organization","@id":"https:\/\/lotsol.pl\/#organization","name":"Lotsol.pl","url":"https:\/\/lotsol.pl\/","logo":{"@type":"ImageObject","inLanguage":"pl-PL","@id":"https:\/\/lotsol.pl\/#\/schema\/logo\/image\/","url":"https:\/\/lotsol.pl\/wp-content\/uploads\/2019\/06\/cropped-znaczek_mod-2.jpg","contentUrl":"https:\/\/lotsol.pl\/wp-content\/uploads\/2019\/06\/cropped-znaczek_mod-2.jpg","width":1912,"height":1045,"caption":"Lotsol.pl"},"image":{"@id":"https:\/\/lotsol.pl\/#\/schema\/logo\/image\/"}}]}},"_links":{"self":[{"href":"https:\/\/lotsol.pl\/index.php\/wp-json\/wp\/v2\/pages\/135"}],"collection":[{"href":"https:\/\/lotsol.pl\/index.php\/wp-json\/wp\/v2\/pages"}],"about":[{"href":"https:\/\/lotsol.pl\/index.php\/wp-json\/wp\/v2\/types\/page"}],"author":[{"embeddable":true,"href":"https:\/\/lotsol.pl\/index.php\/wp-json\/wp\/v2\/users\/1"}],"replies":[{"embeddable":true,"href":"https:\/\/lotsol.pl\/index.php\/wp-json\/wp\/v2\/comments?post=135"}],"version-history":[{"count":4,"href":"https:\/\/lotsol.pl\/index.php\/wp-json\/wp\/v2\/pages\/135\/revisions"}],"predecessor-version":[{"id":369,"href":"https:\/\/lotsol.pl\/index.php\/wp-json\/wp\/v2\/pages\/135\/revisions\/369"}],"up":[{"embeddable":true,"href":"https:\/\/lotsol.pl\/index.php\/wp-json\/wp\/v2\/pages\/77"}],"wp:attachment":[{"href":"https:\/\/lotsol.pl\/index.php\/wp-json\/wp\/v2\/media?parent=135"}],"curies":[{"name":"wp","href":"https:\/\/api.w.org\/{rel}","templated":true}]}}