{"id":175,"date":"2019-06-13T19:45:42","date_gmt":"2019-06-13T17:45:42","guid":{"rendered":"https:\/\/lotsol.pl\/?page_id=175"},"modified":"2019-06-13T19:49:45","modified_gmt":"2019-06-13T17:49:45","slug":"troche-historii","status":"publish","type":"page","link":"https:\/\/lotsol.pl\/index.php\/o-nas\/troche-historii\/","title":{"rendered":"Troch\u0119 historii"},"content":{"rendered":"\t\t<div data-elementor-type=\"wp-post\" data-elementor-id=\"175\" class=\"elementor elementor-175\">\n\t\t\t\t\t\t<section class=\"elementor-section elementor-top-section elementor-element elementor-element-6c27461 elementor-section-boxed elementor-section-height-default elementor-section-height-default\" data-id=\"6c27461\" data-element_type=\"section\">\n\t\t\t\t\t\t<div class=\"elementor-container elementor-column-gap-default\">\n\t\t\t\t\t<div class=\"elementor-column elementor-col-100 elementor-top-column elementor-element elementor-element-59e6cf0\" data-id=\"59e6cf0\" data-element_type=\"column\">\n\t\t\t<div class=\"elementor-widget-wrap elementor-element-populated\">\n\t\t\t\t\t\t<div class=\"elementor-element elementor-element-ea34a37 elementor-widget elementor-widget-text-editor\" data-id=\"ea34a37\" data-element_type=\"widget\" data-widget_type=\"text-editor.default\">\n\t\t\t\t<div class=\"elementor-widget-container\">\n\t\t\t\t\t\t\t<h3 style=\"text-align: center;\">W 1989 roku Organizacja Zak\u0142adowa w PLL LOT zosta\u0142a zarejestrowana<span class=\"Apple-converted-space\">\u00a0 <\/span>jako jedna z pierwszych w Regionie Mazowsze NSZZ Solidarno\u015b\u0107.<\/h3><h3 style=\"text-align: center;\">Pierwszym Przewodnicz\u0105cym zosta\u0142 wybrany W\u0142odzimierz Piasecki, na Wiceprzewodnicz\u0105cego Ryszard Kobus a na funkcj\u0119 Sekretarza Jadwiga Nygowska. Kolejnym Przewodnicz\u0105cym w 1991 r. zosta\u0142a wybrany Maciej P\u0142o\u0144ski, kt\u00f3ry pe\u0142ni\u0142 t\u0105 zaszczytn\u0105 funkcj\u0119 do 1997 r. ( w czerwcu 1997 r. zosta\u0142 wybrany do Rady Nadzorczej PLL LOT SA jako przedstawiciel pracownik\u00f3w). W latach 1997 \u2013 2002 funkcj\u0119 Przewodnicz\u0105cego, wtedy ju\u017c Organizacji Mi\u0119dzyzak\u0142adowej, pe\u0142ni\u0142 Ryszard Kobus. W 2002 r. Maciej P\u0142o\u0144ski zrezygnowa\u0142 z funkcji cz\u0142onka Rady Nadzorczej PLL LOT SA i ponownie zosta\u0142 wybrany na funkcj\u0119 Przewodnicz\u0105cego OM 205. W 2006 r, na funkcj\u0119 Przewodnicz\u0105cego OM 205 zosta\u0142 wybrany Stefan Malczewski. W 2016 r, w zwi\u0105zku z wyborem Stefana Malczewskiego do Zarz\u0105du PLL LOT SA, na funkcj\u0119 Przewodnicz\u0105cego zosta\u0142 wybrany Marek Chojnowski kt\u00f3ry pe\u0142ni t\u0119 funkcj\u0119 do dzisiaj.<\/h3>\t\t\t\t\t\t<\/div>\n\t\t\t\t<\/div>\n\t\t\t\t\t<\/div>\n\t\t<\/div>\n\t\t\t\t\t<\/div>\n\t\t<\/section>\n\t\t\t\t<\/div>\n\t\t","protected":false},"excerpt":{"rendered":"<p>W 1989 roku Organizacja Zak\u0142adowa w PLL LOT zosta\u0142a zarejestrowana\u00a0 jako jedna z pierwszych w Regionie Mazowsze NSZZ Solidarno\u015b\u0107. Pierwszym Przewodnicz\u0105cym zosta\u0142 wybrany W\u0142odzimierz Piasecki, na Wiceprzewodnicz\u0105cego Ryszard Kobus a na funkcj\u0119 Sekretarza Jadwiga Nygowska. Kolejnym Przewodnicz\u0105cym w 1991 r. zosta\u0142a wybrany Maciej P\u0142o\u0144ski, kt\u00f3ry pe\u0142ni\u0142 t\u0105 zaszczytn\u0105 funkcj\u0119 do 1997 r. ( w czerwcu&hellip; <br \/> <a class=\"read-more\" href=\"https:\/\/lotsol.pl\/index.php\/o-nas\/troche-historii\/\">Read more<\/a><\/p>\n","protected":false},"author":1,"featured_media":0,"parent":77,"menu_order":30,"comment_status":"closed","ping_status":"closed","template":"","meta":{"footnotes":""},"class_list":["post-175","page","type-page","status-publish","hentry"],"yoast_head":"<!-- This site is optimized with the Yoast SEO plugin v23.1 - https:\/\/yoast.com\/wordpress\/plugins\/seo\/ -->\n<title>Troch\u0119 historii - Lotsol.pl<\/title>\n<meta name=\"robots\" content=\"index, follow, max-snippet:-1, max-image-preview:large, max-video-preview:-1\" \/>\n<link rel=\"canonical\" href=\"https:\/\/lotsol.pl\/index.php\/o-nas\/troche-historii\/\" \/>\n<meta property=\"og:locale\" content=\"pl_PL\" \/>\n<meta property=\"og:type\" content=\"article\" \/>\n<meta property=\"og:title\" content=\"Troch\u0119 historii - Lotsol.pl\" \/>\n<meta property=\"og:description\" content=\"W 1989 roku Organizacja Zak\u0142adowa w PLL LOT zosta\u0142a zarejestrowana\u00a0 jako jedna z pierwszych w Regionie Mazowsze NSZZ Solidarno\u015b\u0107. Pierwszym Przewodnicz\u0105cym zosta\u0142 wybrany W\u0142odzimierz Piasecki, na Wiceprzewodnicz\u0105cego Ryszard Kobus a na funkcj\u0119 Sekretarza Jadwiga Nygowska. Kolejnym Przewodnicz\u0105cym w 1991 r. zosta\u0142a wybrany Maciej P\u0142o\u0144ski, kt\u00f3ry pe\u0142ni\u0142 t\u0105 zaszczytn\u0105 funkcj\u0119 do 1997 r. ( w czerwcu&hellip; Read more\" \/>\n<meta property=\"og:url\" content=\"https:\/\/lotsol.pl\/index.php\/o-nas\/troche-historii\/\" \/>\n<meta property=\"og:site_name\" content=\"Lotsol.pl\" \/>\n<meta property=\"article:modified_time\" content=\"2019-06-13T17:49:45+00:00\" \/>\n<meta name=\"twitter:card\" content=\"summary_large_image\" \/>\n<meta name=\"twitter:label1\" content=\"Szacowany czas czytania\" \/>\n\t<meta name=\"twitter:data1\" content=\"1 minuta\" \/>\n<script type=\"application\/ld+json\" class=\"yoast-schema-graph\">{\"@context\":\"https:\/\/schema.org\",\"@graph\":[{\"@type\":\"WebPage\",\"@id\":\"https:\/\/lotsol.pl\/index.php\/o-nas\/troche-historii\/\",\"url\":\"https:\/\/lotsol.pl\/index.php\/o-nas\/troche-historii\/\",\"name\":\"Troch\u0119 historii - Lotsol.pl\",\"isPartOf\":{\"@id\":\"https:\/\/lotsol.pl\/#website\"},\"datePublished\":\"2019-06-13T17:45:42+00:00\",\"dateModified\":\"2019-06-13T17:49:45+00:00\",\"breadcrumb\":{\"@id\":\"https:\/\/lotsol.pl\/index.php\/o-nas\/troche-historii\/#breadcrumb\"},\"inLanguage\":\"pl-PL\",\"potentialAction\":[{\"@type\":\"ReadAction\",\"target\":[\"https:\/\/lotsol.pl\/index.php\/o-nas\/troche-historii\/\"]}]},{\"@type\":\"BreadcrumbList\",\"@id\":\"https:\/\/lotsol.pl\/index.php\/o-nas\/troche-historii\/#breadcrumb\",\"itemListElement\":[{\"@type\":\"ListItem\",\"position\":1,\"name\":\"Strona g\u0142\u00f3wna\",\"item\":\"https:\/\/lotsol.pl\/\"},{\"@type\":\"ListItem\",\"position\":2,\"name\":\"Kim jeste\u015bmy\",\"item\":\"https:\/\/lotsol.pl\/index.php\/o-nas\/\"},{\"@type\":\"ListItem\",\"position\":3,\"name\":\"Troch\u0119 historii\"}]},{\"@type\":\"WebSite\",\"@id\":\"https:\/\/lotsol.pl\/#website\",\"url\":\"https:\/\/lotsol.pl\/\",\"name\":\"Lotsol.pl\",\"description\":\"\",\"publisher\":{\"@id\":\"https:\/\/lotsol.pl\/#organization\"},\"potentialAction\":[{\"@type\":\"SearchAction\",\"target\":{\"@type\":\"EntryPoint\",\"urlTemplate\":\"https:\/\/lotsol.pl\/?s={search_term_string}\"},\"query-input\":\"required name=search_term_string\"}],\"inLanguage\":\"pl-PL\"},{\"@type\":\"Organization\",\"@id\":\"https:\/\/lotsol.pl\/#organization\",\"name\":\"Lotsol.pl\",\"url\":\"https:\/\/lotsol.pl\/\",\"logo\":{\"@type\":\"ImageObject\",\"inLanguage\":\"pl-PL\",\"@id\":\"https:\/\/lotsol.pl\/#\/schema\/logo\/image\/\",\"url\":\"https:\/\/lotsol.pl\/wp-content\/uploads\/2019\/06\/cropped-znaczek_mod-2.jpg\",\"contentUrl\":\"https:\/\/lotsol.pl\/wp-content\/uploads\/2019\/06\/cropped-znaczek_mod-2.jpg\",\"width\":1912,\"height\":1045,\"caption\":\"Lotsol.pl\"},\"image\":{\"@id\":\"https:\/\/lotsol.pl\/#\/schema\/logo\/image\/\"}}]}<\/script>\n<!-- \/ Yoast SEO plugin. -->","yoast_head_json":{"title":"Troch\u0119 historii - Lotsol.pl","robots":{"index":"index","follow":"follow","max-snippet":"max-snippet:-1","max-image-preview":"max-image-preview:large","max-video-preview":"max-video-preview:-1"},"canonical":"https:\/\/lotsol.pl\/index.php\/o-nas\/troche-historii\/","og_locale":"pl_PL","og_type":"article","og_title":"Troch\u0119 historii - Lotsol.pl","og_description":"W 1989 roku Organizacja Zak\u0142adowa w PLL LOT zosta\u0142a zarejestrowana\u00a0 jako jedna z pierwszych w Regionie Mazowsze NSZZ Solidarno\u015b\u0107. Pierwszym Przewodnicz\u0105cym zosta\u0142 wybrany W\u0142odzimierz Piasecki, na Wiceprzewodnicz\u0105cego Ryszard Kobus a na funkcj\u0119 Sekretarza Jadwiga Nygowska. Kolejnym Przewodnicz\u0105cym w 1991 r. zosta\u0142a wybrany Maciej P\u0142o\u0144ski, kt\u00f3ry pe\u0142ni\u0142 t\u0105 zaszczytn\u0105 funkcj\u0119 do 1997 r. ( w czerwcu&hellip; Read more","og_url":"https:\/\/lotsol.pl\/index.php\/o-nas\/troche-historii\/","og_site_name":"Lotsol.pl","article_modified_time":"2019-06-13T17:49:45+00:00","twitter_card":"summary_large_image","twitter_misc":{"Szacowany czas czytania":"1 minuta"},"schema":{"@context":"https:\/\/schema.org","@graph":[{"@type":"WebPage","@id":"https:\/\/lotsol.pl\/index.php\/o-nas\/troche-historii\/","url":"https:\/\/lotsol.pl\/index.php\/o-nas\/troche-historii\/","name":"Troch\u0119 historii - Lotsol.pl","isPartOf":{"@id":"https:\/\/lotsol.pl\/#website"},"datePublished":"2019-06-13T17:45:42+00:00","dateModified":"2019-06-13T17:49:45+00:00","breadcrumb":{"@id":"https:\/\/lotsol.pl\/index.php\/o-nas\/troche-historii\/#breadcrumb"},"inLanguage":"pl-PL","potentialAction":[{"@type":"ReadAction","target":["https:\/\/lotsol.pl\/index.php\/o-nas\/troche-historii\/"]}]},{"@type":"BreadcrumbList","@id":"https:\/\/lotsol.pl\/index.php\/o-nas\/troche-historii\/#breadcrumb","itemListElement":[{"@type":"ListItem","position":1,"name":"Strona g\u0142\u00f3wna","item":"https:\/\/lotsol.pl\/"},{"@type":"ListItem","position":2,"name":"Kim jeste\u015bmy","item":"https:\/\/lotsol.pl\/index.php\/o-nas\/"},{"@type":"ListItem","position":3,"name":"Troch\u0119 historii"}]},{"@type":"WebSite","@id":"https:\/\/lotsol.pl\/#website","url":"https:\/\/lotsol.pl\/","name":"Lotsol.pl","description":"","publisher":{"@id":"https:\/\/lotsol.pl\/#organization"},"potentialAction":[{"@type":"SearchAction","target":{"@type":"EntryPoint","urlTemplate":"https:\/\/lotsol.pl\/?s={search_term_string}"},"query-input":"required name=search_term_string"}],"inLanguage":"pl-PL"},{"@type":"Organization","@id":"https:\/\/lotsol.pl\/#organization","name":"Lotsol.pl","url":"https:\/\/lotsol.pl\/","logo":{"@type":"ImageObject","inLanguage":"pl-PL","@id":"https:\/\/lotsol.pl\/#\/schema\/logo\/image\/","url":"https:\/\/lotsol.pl\/wp-content\/uploads\/2019\/06\/cropped-znaczek_mod-2.jpg","contentUrl":"https:\/\/lotsol.pl\/wp-content\/uploads\/2019\/06\/cropped-znaczek_mod-2.jpg","width":1912,"height":1045,"caption":"Lotsol.pl"},"image":{"@id":"https:\/\/lotsol.pl\/#\/schema\/logo\/image\/"}}]}},"_links":{"self":[{"href":"https:\/\/lotsol.pl\/index.php\/wp-json\/wp\/v2\/pages\/175"}],"collection":[{"href":"https:\/\/lotsol.pl\/index.php\/wp-json\/wp\/v2\/pages"}],"about":[{"href":"https:\/\/lotsol.pl\/index.php\/wp-json\/wp\/v2\/types\/page"}],"author":[{"embeddable":true,"href":"https:\/\/lotsol.pl\/index.php\/wp-json\/wp\/v2\/users\/1"}],"replies":[{"embeddable":true,"href":"https:\/\/lotsol.pl\/index.php\/wp-json\/wp\/v2\/comments?post=175"}],"version-history":[{"count":2,"href":"https:\/\/lotsol.pl\/index.php\/wp-json\/wp\/v2\/pages\/175\/revisions"}],"predecessor-version":[{"id":177,"href":"https:\/\/lotsol.pl\/index.php\/wp-json\/wp\/v2\/pages\/175\/revisions\/177"}],"up":[{"embeddable":true,"href":"https:\/\/lotsol.pl\/index.php\/wp-json\/wp\/v2\/pages\/77"}],"wp:attachment":[{"href":"https:\/\/lotsol.pl\/index.php\/wp-json\/wp\/v2\/media?parent=175"}],"curies":[{"name":"wp","href":"https:\/\/api.w.org\/{rel}","templated":true}]}}