{"id":32,"date":"2019-06-03T22:48:14","date_gmt":"2019-06-03T20:48:14","guid":{"rendered":"https:\/\/lotsol.pl\/?page_id=32"},"modified":"2019-11-28T13:26:11","modified_gmt":"2019-11-28T12:26:11","slug":"kontakt","status":"publish","type":"page","link":"https:\/\/lotsol.pl\/index.php\/kontakt\/","title":{"rendered":"Kontakt"},"content":{"rendered":"\t\t<div data-elementor-type=\"wp-post\" data-elementor-id=\"32\" class=\"elementor elementor-32\">\n\t\t\t\t\t\t<section class=\"elementor-section elementor-top-section elementor-element elementor-element-cbf26bf elementor-section-boxed elementor-section-height-default elementor-section-height-default\" data-id=\"cbf26bf\" data-element_type=\"section\">\n\t\t\t\t\t\t<div class=\"elementor-container elementor-column-gap-default\">\n\t\t\t\t\t<div class=\"elementor-column elementor-col-100 elementor-top-column elementor-element elementor-element-183969f\" data-id=\"183969f\" data-element_type=\"column\">\n\t\t\t<div class=\"elementor-widget-wrap elementor-element-populated\">\n\t\t\t\t\t\t<div class=\"elementor-element elementor-element-b9f3541 elementor-widget elementor-widget-wp-widget-text\" data-id=\"b9f3541\" data-element_type=\"widget\" data-widget_type=\"wp-widget-text.default\">\n\t\t\t\t<div class=\"elementor-widget-container\">\n\t\t\t\t\t\t<div class=\"textwidget\"><h3 style=\"text-align: center\"><span>Telefon do siedziby zwi\u0105zku:<\/span><\/h3>\n<h3 style=\"text-align: center\"><strong><span>22 606 84 60<\/span><\/strong><\/h3>\n<h3 style=\"text-align: center\"><strong><span>Fax 22 606 84 70<\/span><\/strong><\/h3>\n<h3 style=\"text-align: center\"><strong><span>biuro@lotsol.pl<\/span><\/strong><\/h3>\n<p>&nbsp;<\/p>\n<h3 style=\"text-align: center\"><\/h3>\n<p>&nbsp;<\/p>\n<h3 style=\"text-align: center\"><\/h3>\n<h3 style=\"text-align: center\"><span>Adres do korespondencji:<\/span><\/h3>\n<h3 style=\"text-align: center\"><\/h3>\n<p>&nbsp;<\/p>\n<h3 style=\"text-align: center\"><span>Organizacja Mi\u0119dzyzak\u0142adowa nr 205\u00a0<\/span><\/h3>\n<h3 style=\"text-align: center\"><span>NSZZ \u201eSolidarno\u015b\u0107\u201d Region Mazowsze<\/span><\/h3>\n<h3 style=\"text-align: center\"><span>w PLL LOT S.A. oraz Podmiotach Gospodarczych Wyodr\u0119bnionych i Wsp\u00f3\u0142pracuj\u0105cych z PLL LOT S.A.<\/span><\/h3>\n<h3 style=\"text-align: center\"><strong><span>ul. Komitetu Obrony Robotnik\u00f3w 39<\/span><\/strong><\/h3>\n<h3 style=\"text-align: center\"><strong><span>02-146 Warszawa<\/span><\/strong><\/h3>\n<h3><span><strong>\u00a0<\/strong><\/span><\/h3>\n<\/div>\n\t\t\t\t<\/div>\n\t\t\t\t<\/div>\n\t\t\t\t\t<\/div>\n\t\t<\/div>\n\t\t\t\t\t<\/div>\n\t\t<\/section>\n\t\t\t\t<\/div>\n\t\t","protected":false},"excerpt":{"rendered":"","protected":false},"author":1,"featured_media":0,"parent":0,"menu_order":0,"comment_status":"closed","ping_status":"closed","template":"pro\/page-templates\/full-width-page.php","meta":{"footnotes":""},"class_list":["post-32","page","type-page","status-publish","hentry"],"yoast_head":"<!-- This site is optimized with the Yoast SEO plugin v23.1 - https:\/\/yoast.com\/wordpress\/plugins\/seo\/ -->\n<title>Kontakt - Lotsol.pl<\/title>\n<meta name=\"robots\" content=\"index, follow, max-snippet:-1, max-image-preview:large, max-video-preview:-1\" \/>\n<link rel=\"canonical\" href=\"https:\/\/lotsol.pl\/index.php\/kontakt\/\" \/>\n<meta property=\"og:locale\" content=\"pl_PL\" \/>\n<meta property=\"og:type\" content=\"article\" \/>\n<meta property=\"og:title\" content=\"Kontakt - Lotsol.pl\" \/>\n<meta property=\"og:url\" content=\"https:\/\/lotsol.pl\/index.php\/kontakt\/\" \/>\n<meta property=\"og:site_name\" content=\"Lotsol.pl\" \/>\n<meta property=\"article:modified_time\" content=\"2019-11-28T12:26:11+00:00\" \/>\n<meta name=\"twitter:card\" content=\"summary_large_image\" \/>\n<script type=\"application\/ld+json\" class=\"yoast-schema-graph\">{\"@context\":\"https:\/\/schema.org\",\"@graph\":[{\"@type\":\"WebPage\",\"@id\":\"https:\/\/lotsol.pl\/index.php\/kontakt\/\",\"url\":\"https:\/\/lotsol.pl\/index.php\/kontakt\/\",\"name\":\"Kontakt - Lotsol.pl\",\"isPartOf\":{\"@id\":\"https:\/\/lotsol.pl\/#website\"},\"datePublished\":\"2019-06-03T20:48:14+00:00\",\"dateModified\":\"2019-11-28T12:26:11+00:00\",\"breadcrumb\":{\"@id\":\"https:\/\/lotsol.pl\/index.php\/kontakt\/#breadcrumb\"},\"inLanguage\":\"pl-PL\",\"potentialAction\":[{\"@type\":\"ReadAction\",\"target\":[\"https:\/\/lotsol.pl\/index.php\/kontakt\/\"]}]},{\"@type\":\"BreadcrumbList\",\"@id\":\"https:\/\/lotsol.pl\/index.php\/kontakt\/#breadcrumb\",\"itemListElement\":[{\"@type\":\"ListItem\",\"position\":1,\"name\":\"Strona g\u0142\u00f3wna\",\"item\":\"https:\/\/lotsol.pl\/\"},{\"@type\":\"ListItem\",\"position\":2,\"name\":\"Kontakt\"}]},{\"@type\":\"WebSite\",\"@id\":\"https:\/\/lotsol.pl\/#website\",\"url\":\"https:\/\/lotsol.pl\/\",\"name\":\"Lotsol.pl\",\"description\":\"\",\"publisher\":{\"@id\":\"https:\/\/lotsol.pl\/#organization\"},\"potentialAction\":[{\"@type\":\"SearchAction\",\"target\":{\"@type\":\"EntryPoint\",\"urlTemplate\":\"https:\/\/lotsol.pl\/?s={search_term_string}\"},\"query-input\":\"required name=search_term_string\"}],\"inLanguage\":\"pl-PL\"},{\"@type\":\"Organization\",\"@id\":\"https:\/\/lotsol.pl\/#organization\",\"name\":\"Lotsol.pl\",\"url\":\"https:\/\/lotsol.pl\/\",\"logo\":{\"@type\":\"ImageObject\",\"inLanguage\":\"pl-PL\",\"@id\":\"https:\/\/lotsol.pl\/#\/schema\/logo\/image\/\",\"url\":\"https:\/\/lotsol.pl\/wp-content\/uploads\/2019\/06\/cropped-znaczek_mod-2.jpg\",\"contentUrl\":\"https:\/\/lotsol.pl\/wp-content\/uploads\/2019\/06\/cropped-znaczek_mod-2.jpg\",\"width\":1912,\"height\":1045,\"caption\":\"Lotsol.pl\"},\"image\":{\"@id\":\"https:\/\/lotsol.pl\/#\/schema\/logo\/image\/\"}}]}<\/script>\n<!-- \/ Yoast SEO plugin. -->","yoast_head_json":{"title":"Kontakt - Lotsol.pl","robots":{"index":"index","follow":"follow","max-snippet":"max-snippet:-1","max-image-preview":"max-image-preview:large","max-video-preview":"max-video-preview:-1"},"canonical":"https:\/\/lotsol.pl\/index.php\/kontakt\/","og_locale":"pl_PL","og_type":"article","og_title":"Kontakt - Lotsol.pl","og_url":"https:\/\/lotsol.pl\/index.php\/kontakt\/","og_site_name":"Lotsol.pl","article_modified_time":"2019-11-28T12:26:11+00:00","twitter_card":"summary_large_image","schema":{"@context":"https:\/\/schema.org","@graph":[{"@type":"WebPage","@id":"https:\/\/lotsol.pl\/index.php\/kontakt\/","url":"https:\/\/lotsol.pl\/index.php\/kontakt\/","name":"Kontakt - Lotsol.pl","isPartOf":{"@id":"https:\/\/lotsol.pl\/#website"},"datePublished":"2019-06-03T20:48:14+00:00","dateModified":"2019-11-28T12:26:11+00:00","breadcrumb":{"@id":"https:\/\/lotsol.pl\/index.php\/kontakt\/#breadcrumb"},"inLanguage":"pl-PL","potentialAction":[{"@type":"ReadAction","target":["https:\/\/lotsol.pl\/index.php\/kontakt\/"]}]},{"@type":"BreadcrumbList","@id":"https:\/\/lotsol.pl\/index.php\/kontakt\/#breadcrumb","itemListElement":[{"@type":"ListItem","position":1,"name":"Strona g\u0142\u00f3wna","item":"https:\/\/lotsol.pl\/"},{"@type":"ListItem","position":2,"name":"Kontakt"}]},{"@type":"WebSite","@id":"https:\/\/lotsol.pl\/#website","url":"https:\/\/lotsol.pl\/","name":"Lotsol.pl","description":"","publisher":{"@id":"https:\/\/lotsol.pl\/#organization"},"potentialAction":[{"@type":"SearchAction","target":{"@type":"EntryPoint","urlTemplate":"https:\/\/lotsol.pl\/?s={search_term_string}"},"query-input":"required name=search_term_string"}],"inLanguage":"pl-PL"},{"@type":"Organization","@id":"https:\/\/lotsol.pl\/#organization","name":"Lotsol.pl","url":"https:\/\/lotsol.pl\/","logo":{"@type":"ImageObject","inLanguage":"pl-PL","@id":"https:\/\/lotsol.pl\/#\/schema\/logo\/image\/","url":"https:\/\/lotsol.pl\/wp-content\/uploads\/2019\/06\/cropped-znaczek_mod-2.jpg","contentUrl":"https:\/\/lotsol.pl\/wp-content\/uploads\/2019\/06\/cropped-znaczek_mod-2.jpg","width":1912,"height":1045,"caption":"Lotsol.pl"},"image":{"@id":"https:\/\/lotsol.pl\/#\/schema\/logo\/image\/"}}]}},"_links":{"self":[{"href":"https:\/\/lotsol.pl\/index.php\/wp-json\/wp\/v2\/pages\/32"}],"collection":[{"href":"https:\/\/lotsol.pl\/index.php\/wp-json\/wp\/v2\/pages"}],"about":[{"href":"https:\/\/lotsol.pl\/index.php\/wp-json\/wp\/v2\/types\/page"}],"author":[{"embeddable":true,"href":"https:\/\/lotsol.pl\/index.php\/wp-json\/wp\/v2\/users\/1"}],"replies":[{"embeddable":true,"href":"https:\/\/lotsol.pl\/index.php\/wp-json\/wp\/v2\/comments?post=32"}],"version-history":[{"count":5,"href":"https:\/\/lotsol.pl\/index.php\/wp-json\/wp\/v2\/pages\/32\/revisions"}],"predecessor-version":[{"id":322,"href":"https:\/\/lotsol.pl\/index.php\/wp-json\/wp\/v2\/pages\/32\/revisions\/322"}],"wp:attachment":[{"href":"https:\/\/lotsol.pl\/index.php\/wp-json\/wp\/v2\/media?parent=32"}],"curies":[{"name":"wp","href":"https:\/\/api.w.org\/{rel}","templated":true}]}}