{"id":362,"date":"2019-12-02T09:25:31","date_gmt":"2019-12-02T08:25:31","guid":{"rendered":"https:\/\/lotsol.pl\/?page_id=362"},"modified":"2024-01-17T20:12:01","modified_gmt":"2024-01-17T19:12:01","slug":"dokumenty","status":"publish","type":"page","link":"https:\/\/lotsol.pl\/index.php\/dokumenty\/","title":{"rendered":"Dokumenty"},"content":{"rendered":"\t\t<div data-elementor-type=\"wp-post\" data-elementor-id=\"362\" class=\"elementor elementor-362\">\n\t\t\t\t\t\t<section class=\"elementor-section elementor-top-section elementor-element elementor-element-55ece8f elementor-section-boxed elementor-section-height-default elementor-section-height-default\" data-id=\"55ece8f\" data-element_type=\"section\">\n\t\t\t\t\t\t<div class=\"elementor-container elementor-column-gap-default\">\n\t\t\t\t\t<div class=\"elementor-column elementor-col-100 elementor-top-column elementor-element elementor-element-1e39274\" data-id=\"1e39274\" data-element_type=\"column\">\n\t\t\t<div class=\"elementor-widget-wrap elementor-element-populated\">\n\t\t\t\t\t\t<div class=\"elementor-element elementor-element-1ea64f7 elementor-widget elementor-widget-heading\" data-id=\"1ea64f7\" data-element_type=\"widget\" data-widget_type=\"heading.default\">\n\t\t\t\t<div class=\"elementor-widget-container\">\n\t\t\t<h2 class=\"elementor-heading-title elementor-size-default\">Kliknij w poni\u017csze, by pobra\u0107 potrzebny dokument<\/h2>\t\t<\/div>\n\t\t\t\t<\/div>\n\t\t\t\t\t<\/div>\n\t\t<\/div>\n\t\t\t\t\t<\/div>\n\t\t<\/section>\n\t\t\t\t<section class=\"elementor-section elementor-top-section elementor-element elementor-element-65e7b3b4 elementor-section-boxed elementor-section-height-default elementor-section-height-default\" data-id=\"65e7b3b4\" data-element_type=\"section\">\n\t\t\t\t\t\t<div class=\"elementor-container elementor-column-gap-default\">\n\t\t\t\t\t<div class=\"elementor-column elementor-col-100 elementor-top-column elementor-element elementor-element-3ca0bac2\" data-id=\"3ca0bac2\" data-element_type=\"column\">\n\t\t\t<div class=\"elementor-widget-wrap elementor-element-populated\">\n\t\t\t\t\t\t<div class=\"elementor-element elementor-element-38e3d72 elementor-widget elementor-widget-spacer\" data-id=\"38e3d72\" data-element_type=\"widget\" data-widget_type=\"spacer.default\">\n\t\t\t\t<div class=\"elementor-widget-container\">\n\t\t\t\t\t<div class=\"elementor-spacer\">\n\t\t\t<div class=\"elementor-spacer-inner\"><\/div>\n\t\t<\/div>\n\t\t\t\t<\/div>\n\t\t\t\t<\/div>\n\t\t\t\t<div class=\"elementor-element elementor-element-c6820d3 elementor-button-info elementor-align-center elementor-widget elementor-widget-button\" data-id=\"c6820d3\" data-element_type=\"widget\" data-widget_type=\"button.default\">\n\t\t\t\t<div class=\"elementor-widget-container\">\n\t\t\t\t\t<div class=\"elementor-button-wrapper\">\n\t\t\t<a class=\"elementor-button elementor-button-link elementor-size-sm\" href=\"https:\/\/lotsol.pl\/wp-content\/uploads\/2019\/06\/uchwa\u0142a-KM-205-z-08.11.2016.pdf\" target=\"_blank\">\n\t\t\t\t\t\t<span class=\"elementor-button-content-wrapper\">\n\t\t\t\t\t\t\t\t\t<span class=\"elementor-button-text\">Uchwa\u0142a 23\/VIII\/2016 Prezydium Komisji Mi\u0119dzyzak\u0142adowej nr 205 z dnia 8 listopada 2016 (pdf)<\/span>\n\t\t\t\t\t<\/span>\n\t\t\t\t\t<\/a>\n\t\t<\/div>\n\t\t\t\t<\/div>\n\t\t\t\t<\/div>\n\t\t\t\t<div class=\"elementor-element elementor-element-b375719 elementor-button-info elementor-align-center elementor-widget elementor-widget-button\" data-id=\"b375719\" data-element_type=\"widget\" data-widget_type=\"button.default\">\n\t\t\t\t<div class=\"elementor-widget-container\">\n\t\t\t\t\t<div class=\"elementor-button-wrapper\">\n\t\t\t<a class=\"elementor-button elementor-button-link elementor-size-sm\" href=\"https:\/\/lotsol.pl\/wp-content\/uploads\/2019\/06\/druk-zapomoga-emerytura.pdf\" target=\"_blank\">\n\t\t\t\t\t\t<span class=\"elementor-button-content-wrapper\">\n\t\t\t\t\t\t\t\t\t<span class=\"elementor-button-text\">Druk wniosku o wyp\u0142at\u0119 zapomogi dla odchodz\u0105cych na emerytur\u0119\/rent\u0119\/zasi\u0142ek (pdf)<\/span>\n\t\t\t\t\t<\/span>\n\t\t\t\t\t<\/a>\n\t\t<\/div>\n\t\t\t\t<\/div>\n\t\t\t\t<\/div>\n\t\t\t\t<div class=\"elementor-element elementor-element-e607fc6 elementor-button-info elementor-align-center elementor-widget elementor-widget-button\" data-id=\"e607fc6\" data-element_type=\"widget\" data-widget_type=\"button.default\">\n\t\t\t\t<div class=\"elementor-widget-container\">\n\t\t\t\t\t<div class=\"elementor-button-wrapper\">\n\t\t\t<a class=\"elementor-button elementor-button-link elementor-size-sm\" href=\"https:\/\/lotsol.pl\/wp-content\/uploads\/2019\/06\/zas-statutowy-dziecko.pdf\">\n\t\t\t\t\t\t<span class=\"elementor-button-content-wrapper\">\n\t\t\t\t\t\t\t\t\t<span class=\"elementor-button-text\">Druk wniosku o wyp\u0142at\u0119 zasi\u0142ku statutowego z tytu\u0142u urodzenia dziecka (pdf)<\/span>\n\t\t\t\t\t<\/span>\n\t\t\t\t\t<\/a>\n\t\t<\/div>\n\t\t\t\t<\/div>\n\t\t\t\t<\/div>\n\t\t\t\t<div class=\"elementor-element elementor-element-63ff734 elementor-button-info elementor-align-center elementor-widget elementor-widget-button\" data-id=\"63ff734\" data-element_type=\"widget\" data-widget_type=\"button.default\">\n\t\t\t\t<div class=\"elementor-widget-container\">\n\t\t\t\t\t<div class=\"elementor-button-wrapper\">\n\t\t\t<a class=\"elementor-button elementor-button-link elementor-size-sm\" href=\"https:\/\/lotsol.pl\/wp-content\/uploads\/2019\/06\/druk-zapomoga-zgon_2.pdf\" target=\"_blank\">\n\t\t\t\t\t\t<span class=\"elementor-button-content-wrapper\">\n\t\t\t\t\t\t\t\t\t<span class=\"elementor-button-text\">Druk wniosku o wyp\u0142at\u0119 zapomogi z tytu\u0142u zgonu (pdf)<\/span>\n\t\t\t\t\t<\/span>\n\t\t\t\t\t<\/a>\n\t\t<\/div>\n\t\t\t\t<\/div>\n\t\t\t\t<\/div>\n\t\t\t\t\t<\/div>\n\t\t<\/div>\n\t\t\t\t\t<\/div>\n\t\t<\/section>\n\t\t\t\t<\/div>\n\t\t","protected":false},"excerpt":{"rendered":"<p>Kliknij w poni\u017csze, by pobra\u0107 potrzebny dokument Uchwa\u0142a 23\/VIII\/2016 Prezydium Komisji Mi\u0119dzyzak\u0142adowej nr 205 z dnia 8 listopada 2016 (pdf) Druk wniosku o wyp\u0142at\u0119 zapomogi dla odchodz\u0105cych na emerytur\u0119\/rent\u0119\/zasi\u0142ek (pdf) Druk wniosku o wyp\u0142at\u0119 zasi\u0142ku statutowego z tytu\u0142u urodzenia dziecka (pdf) Druk wniosku o wyp\u0142at\u0119 zapomogi z tytu\u0142u zgonu (pdf)<\/p>\n","protected":false},"author":1,"featured_media":0,"parent":0,"menu_order":0,"comment_status":"closed","ping_status":"closed","template":"pro\/page-templates\/full-width-page.php","meta":{"footnotes":""},"class_list":["post-362","page","type-page","status-publish","hentry"],"yoast_head":"<!-- This site is optimized with the Yoast SEO plugin v23.1 - https:\/\/yoast.com\/wordpress\/plugins\/seo\/ -->\n<title>Dokumenty - Lotsol.pl<\/title>\n<meta name=\"robots\" content=\"index, follow, max-snippet:-1, max-image-preview:large, max-video-preview:-1\" \/>\n<link rel=\"canonical\" href=\"https:\/\/lotsol.pl\/index.php\/dokumenty\/\" \/>\n<meta property=\"og:locale\" content=\"pl_PL\" \/>\n<meta property=\"og:type\" content=\"article\" \/>\n<meta property=\"og:title\" content=\"Dokumenty - Lotsol.pl\" \/>\n<meta property=\"og:description\" content=\"Kliknij w poni\u017csze, by pobra\u0107 potrzebny dokument Uchwa\u0142a 23\/VIII\/2016 Prezydium Komisji Mi\u0119dzyzak\u0142adowej nr 205 z dnia 8 listopada 2016 (pdf) Druk wniosku o wyp\u0142at\u0119 zapomogi dla odchodz\u0105cych na emerytur\u0119\/rent\u0119\/zasi\u0142ek (pdf) Druk wniosku o wyp\u0142at\u0119 zasi\u0142ku statutowego z tytu\u0142u urodzenia dziecka (pdf) Druk wniosku o wyp\u0142at\u0119 zapomogi z tytu\u0142u zgonu (pdf)\" \/>\n<meta property=\"og:url\" content=\"https:\/\/lotsol.pl\/index.php\/dokumenty\/\" \/>\n<meta property=\"og:site_name\" content=\"Lotsol.pl\" \/>\n<meta property=\"article:modified_time\" content=\"2024-01-17T19:12:01+00:00\" \/>\n<meta name=\"twitter:card\" content=\"summary_large_image\" \/>\n<meta name=\"twitter:label1\" content=\"Szacowany czas czytania\" \/>\n\t<meta name=\"twitter:data1\" content=\"1 minuta\" \/>\n<script type=\"application\/ld+json\" class=\"yoast-schema-graph\">{\"@context\":\"https:\/\/schema.org\",\"@graph\":[{\"@type\":\"WebPage\",\"@id\":\"https:\/\/lotsol.pl\/index.php\/dokumenty\/\",\"url\":\"https:\/\/lotsol.pl\/index.php\/dokumenty\/\",\"name\":\"Dokumenty - Lotsol.pl\",\"isPartOf\":{\"@id\":\"https:\/\/lotsol.pl\/#website\"},\"datePublished\":\"2019-12-02T08:25:31+00:00\",\"dateModified\":\"2024-01-17T19:12:01+00:00\",\"breadcrumb\":{\"@id\":\"https:\/\/lotsol.pl\/index.php\/dokumenty\/#breadcrumb\"},\"inLanguage\":\"pl-PL\",\"potentialAction\":[{\"@type\":\"ReadAction\",\"target\":[\"https:\/\/lotsol.pl\/index.php\/dokumenty\/\"]}]},{\"@type\":\"BreadcrumbList\",\"@id\":\"https:\/\/lotsol.pl\/index.php\/dokumenty\/#breadcrumb\",\"itemListElement\":[{\"@type\":\"ListItem\",\"position\":1,\"name\":\"Strona g\u0142\u00f3wna\",\"item\":\"https:\/\/lotsol.pl\/\"},{\"@type\":\"ListItem\",\"position\":2,\"name\":\"Dokumenty\"}]},{\"@type\":\"WebSite\",\"@id\":\"https:\/\/lotsol.pl\/#website\",\"url\":\"https:\/\/lotsol.pl\/\",\"name\":\"Lotsol.pl\",\"description\":\"\",\"publisher\":{\"@id\":\"https:\/\/lotsol.pl\/#organization\"},\"potentialAction\":[{\"@type\":\"SearchAction\",\"target\":{\"@type\":\"EntryPoint\",\"urlTemplate\":\"https:\/\/lotsol.pl\/?s={search_term_string}\"},\"query-input\":\"required name=search_term_string\"}],\"inLanguage\":\"pl-PL\"},{\"@type\":\"Organization\",\"@id\":\"https:\/\/lotsol.pl\/#organization\",\"name\":\"Lotsol.pl\",\"url\":\"https:\/\/lotsol.pl\/\",\"logo\":{\"@type\":\"ImageObject\",\"inLanguage\":\"pl-PL\",\"@id\":\"https:\/\/lotsol.pl\/#\/schema\/logo\/image\/\",\"url\":\"https:\/\/lotsol.pl\/wp-content\/uploads\/2019\/06\/cropped-znaczek_mod-2.jpg\",\"contentUrl\":\"https:\/\/lotsol.pl\/wp-content\/uploads\/2019\/06\/cropped-znaczek_mod-2.jpg\",\"width\":1912,\"height\":1045,\"caption\":\"Lotsol.pl\"},\"image\":{\"@id\":\"https:\/\/lotsol.pl\/#\/schema\/logo\/image\/\"}}]}<\/script>\n<!-- \/ Yoast SEO plugin. -->","yoast_head_json":{"title":"Dokumenty - Lotsol.pl","robots":{"index":"index","follow":"follow","max-snippet":"max-snippet:-1","max-image-preview":"max-image-preview:large","max-video-preview":"max-video-preview:-1"},"canonical":"https:\/\/lotsol.pl\/index.php\/dokumenty\/","og_locale":"pl_PL","og_type":"article","og_title":"Dokumenty - Lotsol.pl","og_description":"Kliknij w poni\u017csze, by pobra\u0107 potrzebny dokument Uchwa\u0142a 23\/VIII\/2016 Prezydium Komisji Mi\u0119dzyzak\u0142adowej nr 205 z dnia 8 listopada 2016 (pdf) Druk wniosku o wyp\u0142at\u0119 zapomogi dla odchodz\u0105cych na emerytur\u0119\/rent\u0119\/zasi\u0142ek (pdf) Druk wniosku o wyp\u0142at\u0119 zasi\u0142ku statutowego z tytu\u0142u urodzenia dziecka (pdf) Druk wniosku o wyp\u0142at\u0119 zapomogi z tytu\u0142u zgonu (pdf)","og_url":"https:\/\/lotsol.pl\/index.php\/dokumenty\/","og_site_name":"Lotsol.pl","article_modified_time":"2024-01-17T19:12:01+00:00","twitter_card":"summary_large_image","twitter_misc":{"Szacowany czas czytania":"1 minuta"},"schema":{"@context":"https:\/\/schema.org","@graph":[{"@type":"WebPage","@id":"https:\/\/lotsol.pl\/index.php\/dokumenty\/","url":"https:\/\/lotsol.pl\/index.php\/dokumenty\/","name":"Dokumenty - Lotsol.pl","isPartOf":{"@id":"https:\/\/lotsol.pl\/#website"},"datePublished":"2019-12-02T08:25:31+00:00","dateModified":"2024-01-17T19:12:01+00:00","breadcrumb":{"@id":"https:\/\/lotsol.pl\/index.php\/dokumenty\/#breadcrumb"},"inLanguage":"pl-PL","potentialAction":[{"@type":"ReadAction","target":["https:\/\/lotsol.pl\/index.php\/dokumenty\/"]}]},{"@type":"BreadcrumbList","@id":"https:\/\/lotsol.pl\/index.php\/dokumenty\/#breadcrumb","itemListElement":[{"@type":"ListItem","position":1,"name":"Strona g\u0142\u00f3wna","item":"https:\/\/lotsol.pl\/"},{"@type":"ListItem","position":2,"name":"Dokumenty"}]},{"@type":"WebSite","@id":"https:\/\/lotsol.pl\/#website","url":"https:\/\/lotsol.pl\/","name":"Lotsol.pl","description":"","publisher":{"@id":"https:\/\/lotsol.pl\/#organization"},"potentialAction":[{"@type":"SearchAction","target":{"@type":"EntryPoint","urlTemplate":"https:\/\/lotsol.pl\/?s={search_term_string}"},"query-input":"required name=search_term_string"}],"inLanguage":"pl-PL"},{"@type":"Organization","@id":"https:\/\/lotsol.pl\/#organization","name":"Lotsol.pl","url":"https:\/\/lotsol.pl\/","logo":{"@type":"ImageObject","inLanguage":"pl-PL","@id":"https:\/\/lotsol.pl\/#\/schema\/logo\/image\/","url":"https:\/\/lotsol.pl\/wp-content\/uploads\/2019\/06\/cropped-znaczek_mod-2.jpg","contentUrl":"https:\/\/lotsol.pl\/wp-content\/uploads\/2019\/06\/cropped-znaczek_mod-2.jpg","width":1912,"height":1045,"caption":"Lotsol.pl"},"image":{"@id":"https:\/\/lotsol.pl\/#\/schema\/logo\/image\/"}}]}},"_links":{"self":[{"href":"https:\/\/lotsol.pl\/index.php\/wp-json\/wp\/v2\/pages\/362"}],"collection":[{"href":"https:\/\/lotsol.pl\/index.php\/wp-json\/wp\/v2\/pages"}],"about":[{"href":"https:\/\/lotsol.pl\/index.php\/wp-json\/wp\/v2\/types\/page"}],"author":[{"embeddable":true,"href":"https:\/\/lotsol.pl\/index.php\/wp-json\/wp\/v2\/users\/1"}],"replies":[{"embeddable":true,"href":"https:\/\/lotsol.pl\/index.php\/wp-json\/wp\/v2\/comments?post=362"}],"version-history":[{"count":18,"href":"https:\/\/lotsol.pl\/index.php\/wp-json\/wp\/v2\/pages\/362\/revisions"}],"predecessor-version":[{"id":693,"href":"https:\/\/lotsol.pl\/index.php\/wp-json\/wp\/v2\/pages\/362\/revisions\/693"}],"wp:attachment":[{"href":"https:\/\/lotsol.pl\/index.php\/wp-json\/wp\/v2\/media?parent=362"}],"curies":[{"name":"wp","href":"https:\/\/api.w.org\/{rel}","templated":true}]}}